{"id":30083,"date":"2023-06-27T16:51:26","date_gmt":"2023-06-27T14:51:26","guid":{"rendered":"https:\/\/muenzinger.eu\/firma\/"},"modified":"2024-03-05T09:53:54","modified_gmt":"2024-03-05T08:53:54","slug":"firma","status":"publish","type":"page","link":"https:\/\/muenzinger.eu\/pl\/firma\/","title":{"rendered":"Firma"},"content":{"rendered":"<section class=\"l-section wpb_row height_auto\"><div class=\"l-section-h i-cf\"><div class=\"g-cols vc_row via_flex valign_top type_default stacking_default\"><div class=\"vc_col-sm-12 wpb_column vc_column_container\"><div class=\"vc_column-inner\"><div class=\"wpb_wrapper\"><div class=\"w-separator size_small\"><\/div><\/div><\/div><\/div><\/div><\/div><\/section><section class=\"l-section wpb_row us_custom_e767e4a2 height_auto width_full\"><div class=\"l-section-h i-cf\"><div class=\"g-cols vc_row via_flex valign_top type_default stacking_default\"><div class=\"vc_col-sm-1\/5 wpb_column vc_column_container col-overview-menu has_bg_color has-link\"><div class=\"vc_column-inner us_custom_f06b067e\"><div class=\"vc_column-overlay\" style=\"background:rgba(0,0,0,0.5)\"><\/div><div class=\"wpb_wrapper\"><div class=\"wpb_text_column us_custom_aafd2f52 underline has_text_color\"><div class=\"wpb_wrapper\"><h6><strong>O nas<\/strong><\/h6>\n<\/div><\/div><div class=\"w-separator size_small\"><\/div><\/div><\/div><a title=\"o nas\" href=\"https:\/\/muenzinger.eu\/pl\/o-nas\/\" class=\"vc_column-link smooth-scroll\"><\/a><\/div><div class=\"vc_col-sm-1\/5 wpb_column vc_column_container col-overview-menu has_bg_color has-link\"><div class=\"vc_column-inner us_custom_775a84bd\"><div class=\"vc_column-overlay\" style=\"background:rgba(0,0,0,0.5)\"><\/div><div class=\"wpb_wrapper\"><div class=\"wpb_text_column us_custom_aafd2f52 underline has_text_color\"><div class=\"wpb_wrapper\"><h6><strong>Lokalizacje<\/strong><\/h6>\n<\/div><\/div><div class=\"w-separator size_small\"><\/div><\/div><\/div><a title=\"Lokalizacje\" href=\"https:\/\/muenzinger.eu\/pl\/lokalizacje\/\" class=\"vc_column-link smooth-scroll\"><\/a><\/div><div class=\"vc_col-sm-1\/5 wpb_column vc_column_container col-overview-menu has_bg_color has-link\"><div class=\"vc_column-inner us_custom_136d4743\"><div class=\"vc_column-overlay\" style=\"background:rgba(0,0,0,0.5)\"><\/div><div class=\"wpb_wrapper\"><div class=\"wpb_text_column us_custom_aafd2f52 underline has_text_color\"><div class=\"wpb_wrapper\"><h6><strong>Nasza obietnica<\/strong><\/h6>\n<\/div><\/div><div class=\"w-separator size_small\"><\/div><\/div><\/div><a title=\"Nasza obietnica\" href=\"https:\/\/muenzinger.eu\/pl\/nasza-obietnica\/\" class=\"vc_column-link smooth-scroll\"><\/a><\/div><div class=\"vc_col-sm-1\/5 wpb_column vc_column_container col-overview-menu has_bg_color has-link\"><div class=\"vc_column-inner us_custom_59c96585\"><div class=\"vc_column-overlay\" style=\"background:rgba(0,0,0,0.5)\"><\/div><div class=\"wpb_wrapper\"><div class=\"wpb_text_column us_custom_aafd2f52 underline has_text_color\"><div class=\"wpb_wrapper\"><h6><strong>Zr\u00f3wnowa\u017cony rozw\u00f3j<\/strong><\/h6>\n<\/div><\/div><div class=\"w-separator size_small\"><\/div><\/div><\/div><a title=\"Zrownowazony rozwoj\" href=\"https:\/\/muenzinger.eu\/pl\/zrownowazony-rozwoj-zakonczony\/\" class=\"vc_column-link smooth-scroll\"><\/a><\/div><div class=\"vc_col-sm-1\/5 wpb_column vc_column_container col-overview-menu has_bg_color has-link\"><div class=\"vc_column-inner us_custom_3b9f0b43\"><div class=\"vc_column-overlay\" style=\"background:rgba(0,0,0,0.5)\"><\/div><div class=\"wpb_wrapper\"><div class=\"wpb_text_column us_custom_aafd2f52 underline has_text_color\"><div class=\"wpb_wrapper\"><h6><strong>Kariera<\/strong><\/h6>\n<\/div><\/div><div class=\"w-separator size_small\"><\/div><\/div><\/div><a title=\"Kariera\" href=\"https:\/\/muenzinger.eu\/pl\/kariera\/\" class=\"vc_column-link smooth-scroll\"><\/a><\/div><div class=\"vc_col-sm-12 wpb_column vc_column_container\"><div class=\"vc_column-inner\"><div class=\"wpb_wrapper\"><div class=\"w-separator size_small\"><\/div><\/div><\/div><\/div><\/div><\/div><\/section><section class=\"l-section wpb_row us_custom_502d7613 height_auto color_alternate with_slider\"><div class=\"l-section-slider\"><div class=\"w-slider style_none fit_cover\"><div class=\"w-slider-h\"><div class=\"royalSlider\"><div class=\"rsContent\"><a class=\"rsImg\" data-rsw=\"1920\" data-rsh=\"1278\" href=\"https:\/\/muenzinger.eu\/wp-content\/uploads\/2023\/06\/Unternehmen.jpg\"><span data-alt><\/span><\/a><\/div><\/div><img decoding=\"async\" src=\"https:\/\/muenzinger.eu\/wp-content\/uploads\/2023\/06\/Unternehmen.jpg\" width=\"1920\" height=\"1278\" alt loading=\"lazy\"><\/div><div class=\"w-slider-json\" onclick=\"return {&quot;loop&quot;:true,&quot;fadeInLoadedSlide&quot;:false,&quot;slidesSpacing&quot;:0,&quot;imageScalePadding&quot;:0,&quot;numImagesToPreload&quot;:2,&quot;arrowsNav&quot;:false,&quot;arrowsNavAutoHide&quot;:false,&quot;transitionType&quot;:&quot;fade&quot;,&quot;transitionSpeed&quot;:2000,&quot;block&quot;:{&quot;moveEffect&quot;:&quot;none&quot;,&quot;speed&quot;:300},&quot;controlNavigation&quot;:&quot;none&quot;,&quot;autoplay&quot;:{&quot;enabled&quot;:true,&quot;pauseOnHover&quot;:false,&quot;delay&quot;:4000},&quot;imageScaleMode&quot;:&quot;fill&quot;,&quot;autoScaleSlider&quot;:true,&quot;autoScaleSliderWidth&quot;:1920,&quot;autoScaleSliderHeight&quot;:1278,&quot;fitInViewport&quot;:false}\"><\/div><\/div><\/div><div class=\"l-section-overlay\" style=\"background:linear-gradient(255deg,rgba(0,0,0,0.45),rgba(0,0,0,0.65))\"><\/div><div class=\"l-section-h i-cf\"><div class=\"g-cols vc_row via_flex valign_middle type_default stacking_default\"><div class=\"vc_col-sm-9 vc_col-lg-6 vc_col-md-8 vc_col-xs-12 wpb_column vc_column_container\"><div class=\"vc_column-inner\"><div class=\"wpb_wrapper\"><div class=\"g-cols wpb_row via_flex valign_top type_default stacking_default\"><div class=\"vc_col-sm-12 vc_hidden-lg vc_hidden-md vc_hidden-sm wpb_column vc_column_container\"><div class=\"vc_column-inner\"><div class=\"wpb_wrapper\"><div class=\"w-separator size_small\"><\/div><\/div><\/div><\/div><\/div><div class=\"w-separator size_medium\"><\/div><div class=\"g-cols wpb_row via_flex valign_top type_default stacking_default\"><div class=\"vc_col-sm-12 wpb_column vc_column_container\"><div class=\"vc_column-inner us_custom_de366d1c us_animate_this\"><div class=\"wpb_wrapper\"><div class=\"wpb_text_column us_custom_521988b2 has_text_color us_animate_this\"><div class=\"wpb_wrapper\"><h5>Firma<\/h5>\n<\/div><\/div><\/div><\/div><\/div><\/div><div class=\"w-separator size_small\"><\/div><div class=\"w-separator size_small\"><\/div><div class=\"wpb_text_column us_custom_2d27602c has_text_color us_animate_this\"><div class=\"wpb_wrapper\"><p><span style=\"color: #e11900;\">My, M\u00fcnz\u00adin\u00adger + Frie\u00adser Hol\u00adding GmbH, jes\u00adte\u015bmy jed\u00adnym z wio\u00add\u0105\u00adcych hur\u00adtow\u00adni\u00adk\u00f3w mate\u00adria\u0142\u00f3w izo\u00adla\u00adcy\u00adjnych.<\/span><\/p>\n<\/div><\/div><div class=\"w-separator size_small\"><\/div><div class=\"g-cols wpb_row us_custom_84e87aa5 us_animate_this via_flex valign_top type_default stacking_default\"><div class=\"vc_col-sm-12 wpb_column vc_column_container\"><div class=\"vc_column-inner\"><div class=\"wpb_wrapper\"><div class=\"wpb_text_column us_custom_432d3f53\"><div class=\"wpb_wrapper\"><p>Spec\u00adja\u00adli\u00adzu\u00adjemy si\u0119 w sprze\u00adda\u017cy wyso\u00adkiej jako\u015bci mate\u00adria\u0142\u00f3w izo\u00adla\u00adcy\u00adjnych. Wyr\u00f3\u017c\u00adnia nas nasza wiedza spec\u00adja\u00adlis\u00adty\u00adczna, zaan\u00adga\u017co\u00adwa\u00adnie w jako\u015b\u0107 i zr\u00f3w\u00adno\u00adwa\u017c\u00adony roz\u00adw\u00f3j, a tak\u017ce nasze us\u0142ugi.<\/p>\n<p>Od momentu za\u0142o\u017ce\u00adnia firmy w Reut\u00adlin\u00adgen w 1956 roku stale si\u0119 roz\u00adwi\u00adjamy. Po pierw\u00adsze wewn\u0119\u00adtrz\u00adnie, a po dru\u00adgie poprzez prze\u00adj\u0119cie firmy Frie\u00adser w obs\u00adz\u00adarze tech\u00adno\u00adlo\u00adgii pod\u0142\u00f3g i tech\u00adno\u00adlo\u00adgii izo\u00adlacji kle\u00adjo\u00adwej w Aus\u00adtrii.<\/p>\n<\/div><\/div><\/div><\/div><\/div><\/div><div class=\"w-separator hide_on_mobiles size_medium\"><\/div><div class=\"g-cols wpb_row via_flex valign_top type_default stacking_default\"><div class=\"vc_col-sm-12 vc_hidden-lg vc_hidden-md vc_hidden-sm wpb_column vc_column_container\"><div class=\"vc_column-inner\"><div class=\"wpb_wrapper\"><div class=\"w-separator size_medium\"><\/div><\/div><\/div><\/div><\/div><\/div><\/div><\/div><div class=\"vc_col-sm-6 wpb_column vc_column_container\"><div class=\"vc_column-inner\"><div class=\"wpb_wrapper\"><\/div><\/div><\/div><\/div><\/div><\/section><section class=\"l-section wpb_row us_custom_a518f36e us_animate_this height_auto\"><div class=\"l-section-h i-cf\"><div class=\"g-cols vc_row via_flex valign_top type_default stacking_default\"><div class=\"vc_col-sm-12 wpb_column vc_column_container\"><div class=\"vc_column-inner\"><div class=\"wpb_wrapper\"><div class=\"w-separator size_medium\"><\/div><div class=\"w-separator us_custom_8f2ba1f4 us_animate_this size_custom with_line width_50 thick_4 style_solid color_secondary align_center\" style=\"height:4px\"><div class=\"w-separator-h\"><\/div><\/div><div class=\"w-separator size_medium\"><\/div><\/div><\/div><\/div><\/div><\/div><\/section><section class=\"l-section wpb_row height_auto\" id=\"firma\"><div class=\"l-section-h i-cf\"><div class=\"g-cols vc_row via_flex valign_middle type_default stacking_default\"><div class=\"vc_col-sm-12 vc_col-lg-6 vc_col-md-6 wpb_column vc_column_container\"><div class=\"vc_column-inner\"><div class=\"wpb_wrapper\"><div class=\"g-cols wpb_row via_flex valign_top type_default stacking_default\"><div class=\"vc_col-sm-12 vc_col-lg-11 wpb_column vc_column_container\"><div class=\"vc_column-inner\"><div class=\"wpb_wrapper\"><div class=\"w-image hide_on_tablets hide_on_mobiles has_ratio align_none\"><div class=\"w-image-h\"><div style=\"padding-bottom:100%\"><\/div><img loading=\"lazy\" decoding=\"async\" width=\"960\" height=\"614\" src=\"https:\/\/muenzinger.eu\/wp-content\/uploads\/2023\/05\/Standortfoto-Niederlassung-Reutlingen.jpg\" class=\"attachment-full size-full\" alt srcset=\"https:\/\/muenzinger.eu\/wp-content\/uploads\/2023\/05\/Standortfoto-Niederlassung-Reutlingen.jpg 960w, https:\/\/muenzinger.eu\/wp-content\/uploads\/2023\/05\/Standortfoto-Niederlassung-Reutlingen-300x192.jpg 300w\" sizes=\"auto, (max-width: 960px) 100vw, 960px\"><\/div><\/div><div class=\"w-image hide_on_default hide_on_laptops has_ratio align_none\"><div class=\"w-image-h\"><div style=\"padding-bottom:56.25%\"><\/div><img loading=\"lazy\" decoding=\"async\" width=\"960\" height=\"614\" src=\"https:\/\/muenzinger.eu\/wp-content\/uploads\/2023\/05\/Standortfoto-Niederlassung-Reutlingen.jpg\" class=\"attachment-full size-full\" alt srcset=\"https:\/\/muenzinger.eu\/wp-content\/uploads\/2023\/05\/Standortfoto-Niederlassung-Reutlingen.jpg 960w, https:\/\/muenzinger.eu\/wp-content\/uploads\/2023\/05\/Standortfoto-Niederlassung-Reutlingen-300x192.jpg 300w\" sizes=\"auto, (max-width: 960px) 100vw, 960px\"><\/div><\/div><\/div><\/div><\/div><div class=\"vc_col-sm-1 wpb_column vc_column_container\"><div class=\"vc_column-inner\"><div class=\"wpb_wrapper\"><\/div><\/div><\/div><\/div><\/div><\/div><\/div><div class=\"vc_col-sm-12 vc_col-lg-6 vc_col-md-6 wpb_column vc_column_container\"><div class=\"vc_column-inner\"><div class=\"wpb_wrapper\"><div class=\"w-separator hide_on_default hide_on_laptops size_medium\"><\/div><div class=\"g-cols wpb_row via_flex valign_top type_default stacking_default\"><div class=\"vc_col-sm-12 wpb_column vc_column_container\"><div class=\"vc_column-inner\"><div class=\"wpb_wrapper\"><div class=\"wpb_text_column\"><div class=\"wpb_wrapper\"><h2><span style=\"color: #003d8f;\">Firma<\/span><\/h2>\n<\/div><\/div><div class=\"wpb_text_column us_custom_4e55af8d has_text_color\"><div class=\"wpb_wrapper\"><h5>Oferujemy najlepsze rozwi\u0105zania dla Twoich potrzeb.<\/h5>\n<\/div><\/div><div class=\"wpb_text_column us_custom_432d3f53\"><div class=\"wpb_wrapper\"><p>Ka\u017c\u00addego dnia nasi pra\u00adcow\u00adnicy dbaj\u0105 o to, aby zapew\u00adni\u0107 nas\u00adzym kli\u00aden\u00adtom fach\u00adow\u0105 porad\u0119 i spe\u0142\u00adni\u0107 ich \u017cyc\u00adze\u00adnia. Ka\u017c\u00addego dnia dok\u0142a\u00addamy wszel\u00adkich stara\u0144, aby to osi\u0105\u00adgn\u0105\u0107. Zaw\u00adsze dzia\u0142amy z my\u015bl\u0105 o ofe\u00adro\u00adwa\u00adniu nas\u00adzym kli\u00aden\u00adtom naj\u00adleps\u00adzych mo\u017c\u00adli\u00adwych roz\u00adwi\u0105\u00adza\u0144, bio\u00adr\u0105c jed\u00adno\u00adc\u00adze\u015b\u00adnie pod uwag\u0119 zr\u00f3w\u00adno\u00adwa\u017c\u00adony roz\u00adw\u00f3j.<\/p>\n<p>\u015aci\u015ble wsp\u00f3\u0142pra\u00adcu\u00adjemy z nas\u00adzymi reno\u00admo\u00adwanymi part\u00adne\u00adr\u00adami i pro\u00addu\u00adcen\u00adtami, aby zapew\u00adni\u0107, \u017ce tylko naj\u00adlepsze i naj\u00adbard\u00adziej inno\u00adwa\u00adcy\u00adjne pro\u00addukty s\u0105 dost\u0119pne dla nas\u00adzych kli\u00aden\u00adt\u00f3w i \u017ce wyma\u00adga\u00adnia jako\u015bciowe ka\u017c\u00addego kli\u00adenta mog\u0105 by\u0107 spe\u0142\u00adnione.<\/p>\n<p>Z M\u00fcnz\u00adin\u00adger jako part\u00adne\u00adrem, mo\u017cesz by\u0107 pewien, \u017ce otrzy\u00admasz naj\u00adlepsze roz\u00adwi\u0105\u00adza\u00adnia dla swoich spe\u00adcy\u00adficz\u00adnych potrzeb. Nasz do\u015b\u00adwiad\u00adc\u00adz\u00adony zesp\u00f3\u0142 jest zaw\u00adsze pod r\u0119k\u0105, aby pom\u00f3c w wyborze naj\u00adleps\u00adzych pro\u00adduk\u00adt\u00f3w do Twoich zasto\u00adso\u00adwa\u0144.<\/p>\n<\/div><\/div><\/div><\/div><\/div><\/div><\/div><\/div><\/div><div class=\"vc_col-sm-12 wpb_column vc_column_container\"><div class=\"vc_column-inner\"><div class=\"wpb_wrapper\"><div class=\"w-separator size_huge\"><\/div><\/div><\/div><\/div><\/div><\/div><\/section>\n","protected":false},"excerpt":{"rendered":"O nas Loka\u00adli\u00adzacje Nasza obiet\u00adnica Zr\u00f3w\u00adno\u00adwa\u017c\u00adony roz\u00adw\u00f3j Kariera Firma My, M\u00fcnz\u00adin\u00adger + Frie\u00adser Hol\u00adding GmbH, jes\u00adte\u015bmy jed\u00adnym z wio\u00add\u0105\u00adcych hur\u00adtow\u00adni\u00adk\u00f3w mate\u00adria\u0142\u00f3w izo\u00adla\u00adcy\u00adjnych. Spec\u00adja\u00adli\u00adzu\u00adjemy si\u0119 w sprze\u00adda\u017cy wyso\u00adkiej jako\u015bci mate\u00adria\u0142\u00f3w izo\u00adla\u00adcy\u00adjnych. Wyr\u00f3\u017c\u00adnia nas nasza wiedza spec\u00adja\u00adlis\u00adty\u00adczna, zaan\u00adga\u017co\u00adwa\u00adnie w jako\u015b\u0107 i zr\u00f3w\u00adno\u00adwa\u017c\u00adony roz\u00adw\u00f3j, a tak\u017ce nasze us\u0142ugi. Od momentu za\u0142o\u017ce\u00adnia firmy w Reut\u00adlin\u00adgen w 1956 roku stale\u2026","protected":false},"author":8,"featured_media":0,"parent":0,"menu_order":1,"comment_status":"closed","ping_status":"closed","template":"","meta":{"wp_typography_post_enhancements_disabled":false,"footnotes":"","_links_to":"","_links_to_target":""},"class_list":["post-30083","page","type-page","status-publish","hentry"],"yoast_head":"<!-- This site is optimized with the Yoast SEO plugin v27.3 - https:\/\/yoast.com\/product\/yoast-seo-wordpress\/ -->\n<title>Firma - M\u00fcnzinger + Frieser Holding GmbH \/ Adhesive D\u00e4mmsysteme GmbH<\/title>\n<meta name=\"robots\" content=\"index, follow, max-snippet:-1, max-image-preview:large, max-video-preview:-1\" \/>\n<link rel=\"canonical\" href=\"https:\/\/muenzinger.eu\/pl\/firma\/\" \/>\n<meta property=\"og:locale\" content=\"pl_PL\" \/>\n<meta property=\"og:type\" content=\"article\" \/>\n<meta property=\"og:title\" content=\"Firma - M\u00fcnzinger + Frieser Holding GmbH \/ Adhesive D\u00e4mmsysteme GmbH\" \/>\n<meta property=\"og:url\" content=\"https:\/\/muenzinger.eu\/pl\/firma\/\" \/>\n<meta property=\"og:site_name\" content=\"M\u00fcnzinger + Frieser Holding GmbH \/ Adhesive D\u00e4mmsysteme GmbH\" \/>\n<meta property=\"article:modified_time\" content=\"2024-03-05T08:53:54+00:00\" \/>\n<meta name=\"twitter:card\" content=\"summary_large_image\" \/>\n<meta name=\"twitter:label1\" content=\"Szacowany czas czytania\" \/>\n\t<meta name=\"twitter:data1\" content=\"3 minuty\" \/>\n<script type=\"application\/ld+json\" class=\"yoast-schema-graph\">{\"@context\":\"https:\\\/\\\/schema.org\",\"@graph\":[{\"@type\":\"WebPage\",\"@id\":\"https:\\\/\\\/muenzinger.eu\\\/pl\\\/firma\\\/\",\"url\":\"https:\\\/\\\/muenzinger.eu\\\/pl\\\/firma\\\/\",\"name\":\"Firma - M\u00fcnzinger + Frieser Holding GmbH \\\/ Adhesive D\u00e4mmsysteme GmbH\",\"isPartOf\":{\"@id\":\"https:\\\/\\\/muenzinger.eu\\\/pl\\\/#website\"},\"datePublished\":\"2023-06-27T14:51:26+00:00\",\"dateModified\":\"2024-03-05T08:53:54+00:00\",\"breadcrumb\":{\"@id\":\"https:\\\/\\\/muenzinger.eu\\\/pl\\\/firma\\\/#breadcrumb\"},\"inLanguage\":\"pl-PL\",\"potentialAction\":[{\"@type\":\"ReadAction\",\"target\":[\"https:\\\/\\\/muenzinger.eu\\\/pl\\\/firma\\\/\"]}]},{\"@type\":\"BreadcrumbList\",\"@id\":\"https:\\\/\\\/muenzinger.eu\\\/pl\\\/firma\\\/#breadcrumb\",\"itemListElement\":[{\"@type\":\"ListItem\",\"position\":1,\"name\":\"Strona g\u0142\u00f3wna\",\"item\":\"https:\\\/\\\/muenzinger.eu\\\/pl\\\/strona-glowna\\\/\"},{\"@type\":\"ListItem\",\"position\":2,\"name\":\"Firma\"}]},{\"@type\":\"WebSite\",\"@id\":\"https:\\\/\\\/muenzinger.eu\\\/pl\\\/#website\",\"url\":\"https:\\\/\\\/muenzinger.eu\\\/pl\\\/\",\"name\":\"M\u00fcnzinger + Frieser Holding GmbH \\\/ Adhesive D\u00e4mmsysteme GmbH\",\"description\":\"\",\"publisher\":{\"@id\":\"https:\\\/\\\/muenzinger.eu\\\/pl\\\/#organization\"},\"potentialAction\":[{\"@type\":\"SearchAction\",\"target\":{\"@type\":\"EntryPoint\",\"urlTemplate\":\"https:\\\/\\\/muenzinger.eu\\\/pl\\\/?s={search_term_string}\"},\"query-input\":{\"@type\":\"PropertyValueSpecification\",\"valueRequired\":true,\"valueName\":\"search_term_string\"}}],\"inLanguage\":\"pl-PL\"},{\"@type\":\"Organization\",\"@id\":\"https:\\\/\\\/muenzinger.eu\\\/pl\\\/#organization\",\"name\":\"M\u00fcnzinger + Frieser Holding GmbH \\\/ Adhesive D\u00e4mmsysteme GmbH\",\"url\":\"https:\\\/\\\/muenzinger.eu\\\/pl\\\/\",\"logo\":{\"@type\":\"ImageObject\",\"inLanguage\":\"pl-PL\",\"@id\":\"https:\\\/\\\/muenzinger.eu\\\/pl\\\/#\\\/schema\\\/logo\\\/image\\\/\",\"url\":\"https:\\\/\\\/muenzinger.eu\\\/wp-content\\\/uploads\\\/2022\\\/12\\\/Muenzinger-logo-01.png\",\"contentUrl\":\"https:\\\/\\\/muenzinger.eu\\\/wp-content\\\/uploads\\\/2022\\\/12\\\/Muenzinger-logo-01.png\",\"width\":580,\"height\":107,\"caption\":\"M\u00fcnzinger + Frieser Holding GmbH \\\/ Adhesive D\u00e4mmsysteme GmbH\"},\"image\":{\"@id\":\"https:\\\/\\\/muenzinger.eu\\\/pl\\\/#\\\/schema\\\/logo\\\/image\\\/\"},\"sameAs\":[\"https:\\\/\\\/www.linkedin.com\\\/company\\\/mnzinger-frieser-holding-gmbh\\\/\"]}]}<\/script>\n<!-- \/ Yoast SEO plugin. -->","yoast_head_json":{"title":"Firma - M\u00fcnzinger + Frieser Holding GmbH \/ Adhesive D\u00e4mmsysteme GmbH","robots":{"index":"index","follow":"follow","max-snippet":"max-snippet:-1","max-image-preview":"max-image-preview:large","max-video-preview":"max-video-preview:-1"},"canonical":"https:\/\/muenzinger.eu\/pl\/firma\/","og_locale":"pl_PL","og_type":"article","og_title":"Firma - M\u00fcnzinger + Frieser Holding GmbH \/ Adhesive D\u00e4mmsysteme GmbH","og_url":"https:\/\/muenzinger.eu\/pl\/firma\/","og_site_name":"M\u00fcnzinger + Frieser Holding GmbH \/ Adhesive D\u00e4mmsysteme GmbH","article_modified_time":"2024-03-05T08:53:54+00:00","twitter_card":"summary_large_image","twitter_misc":{"Szacowany czas czytania":"3 minuty"},"schema":{"@context":"https:\/\/schema.org","@graph":[{"@type":"WebPage","@id":"https:\/\/muenzinger.eu\/pl\/firma\/","url":"https:\/\/muenzinger.eu\/pl\/firma\/","name":"Firma - M\u00fcnzinger + Frieser Holding GmbH \/ Adhesive D\u00e4mmsysteme GmbH","isPartOf":{"@id":"https:\/\/muenzinger.eu\/pl\/#website"},"datePublished":"2023-06-27T14:51:26+00:00","dateModified":"2024-03-05T08:53:54+00:00","breadcrumb":{"@id":"https:\/\/muenzinger.eu\/pl\/firma\/#breadcrumb"},"inLanguage":"pl-PL","potentialAction":[{"@type":"ReadAction","target":["https:\/\/muenzinger.eu\/pl\/firma\/"]}]},{"@type":"BreadcrumbList","@id":"https:\/\/muenzinger.eu\/pl\/firma\/#breadcrumb","itemListElement":[{"@type":"ListItem","position":1,"name":"Strona g\u0142\u00f3wna","item":"https:\/\/muenzinger.eu\/pl\/strona-glowna\/"},{"@type":"ListItem","position":2,"name":"Firma"}]},{"@type":"WebSite","@id":"https:\/\/muenzinger.eu\/pl\/#website","url":"https:\/\/muenzinger.eu\/pl\/","name":"M\u00fcnzinger + Frieser Holding GmbH \/ Adhesive D\u00e4mmsysteme GmbH","description":"","publisher":{"@id":"https:\/\/muenzinger.eu\/pl\/#organization"},"potentialAction":[{"@type":"SearchAction","target":{"@type":"EntryPoint","urlTemplate":"https:\/\/muenzinger.eu\/pl\/?s={search_term_string}"},"query-input":{"@type":"PropertyValueSpecification","valueRequired":true,"valueName":"search_term_string"}}],"inLanguage":"pl-PL"},{"@type":"Organization","@id":"https:\/\/muenzinger.eu\/pl\/#organization","name":"M\u00fcnzinger + Frieser Holding GmbH \/ Adhesive D\u00e4mmsysteme GmbH","url":"https:\/\/muenzinger.eu\/pl\/","logo":{"@type":"ImageObject","inLanguage":"pl-PL","@id":"https:\/\/muenzinger.eu\/pl\/#\/schema\/logo\/image\/","url":"https:\/\/muenzinger.eu\/wp-content\/uploads\/2022\/12\/Muenzinger-logo-01.png","contentUrl":"https:\/\/muenzinger.eu\/wp-content\/uploads\/2022\/12\/Muenzinger-logo-01.png","width":580,"height":107,"caption":"M\u00fcnzinger + Frieser Holding GmbH \/ Adhesive D\u00e4mmsysteme GmbH"},"image":{"@id":"https:\/\/muenzinger.eu\/pl\/#\/schema\/logo\/image\/"},"sameAs":["https:\/\/www.linkedin.com\/company\/mnzinger-frieser-holding-gmbh\/"]}]}},"_links":{"self":[{"href":"https:\/\/muenzinger.eu\/pl\/wp-json\/wp\/v2\/pages\/30083","targetHints":{"allow":["GET"]}}],"collection":[{"href":"https:\/\/muenzinger.eu\/pl\/wp-json\/wp\/v2\/pages"}],"about":[{"href":"https:\/\/muenzinger.eu\/pl\/wp-json\/wp\/v2\/types\/page"}],"author":[{"embeddable":true,"href":"https:\/\/muenzinger.eu\/pl\/wp-json\/wp\/v2\/users\/8"}],"replies":[{"embeddable":true,"href":"https:\/\/muenzinger.eu\/pl\/wp-json\/wp\/v2\/comments?post=30083"}],"version-history":[{"count":0,"href":"https:\/\/muenzinger.eu\/pl\/wp-json\/wp\/v2\/pages\/30083\/revisions"}],"wp:attachment":[{"href":"https:\/\/muenzinger.eu\/pl\/wp-json\/wp\/v2\/media?parent=30083"}],"curies":[{"name":"wp","href":"https:\/\/api.w.org\/{rel}","templated":true}]}}