{"id":29895,"date":"2021-12-09T16:28:20","date_gmt":"2021-12-09T15:28:20","guid":{"rendered":"https:\/\/muenzinger.eu\/strona-glowna\/"},"modified":"2025-07-22T15:10:25","modified_gmt":"2025-07-22T13:10:25","slug":"strona-glowna","status":"publish","type":"page","link":"https:\/\/muenzinger.eu\/pl\/","title":{"rendered":"Strona g\u0142\u00f3wna"},"content":{"rendered":"<section class=\"l-section wpb_row hide_on_laptops hide_on_tablets hide_on_mobiles height_auto\"><div class=\"l-section-h i-cf\"><div class=\"g-cols vc_row via_flex valign_top type_default stacking_default\"><div class=\"vc_col-sm-12 wpb_column vc_column_container\"><div class=\"vc_column-inner\"><div class=\"wpb_wrapper\"><div class=\"w-separator size_small\"><\/div><\/div><\/div><\/div><\/div><\/div><\/section><section class=\"l-section wpb_row us_custom_199a9e69 height_auto color_alternate with_img\"><div class=\"l-section-img\" style=\"background-image: url(https:\/\/muenzinger.eu\/wp-content\/uploads\/2023\/06\/Home.jpg);\" data-img-width=\"2716\" data-img-height=\"1644\"><\/div><div class=\"l-section-overlay\" style=\"background:linear-gradient(255deg,rgba(0,0,0,0.30),rgba(0,0,0,0.60))\"><\/div><div class=\"l-section-h i-cf\"><div class=\"g-cols vc_row via_flex valign_middle type_default stacking_default\"><div class=\"vc_col-sm-9 vc_col-lg-6 vc_col-md-8 wpb_column vc_column_container\"><div class=\"vc_column-inner\"><div class=\"wpb_wrapper\"><div class=\"g-cols wpb_row via_flex valign_top type_default stacking_default\"><div class=\"vc_col-sm-12 vc_hidden-lg vc_hidden-md vc_hidden-sm wpb_column vc_column_container\"><div class=\"vc_column-inner\"><div class=\"wpb_wrapper\"><div class=\"w-separator size_small\"><\/div><\/div><\/div><\/div><\/div><div class=\"w-separator hide_on_mobiles size_medium\"><\/div><div class=\"g-cols wpb_row via_flex valign_top type_default stacking_default\"><div class=\"vc_col-sm-12 wpb_column vc_column_container\"><div class=\"vc_column-inner us_custom_de366d1c us_animate_this\"><div class=\"wpb_wrapper\"><div class=\"wpb_text_column us_custom_521988b2 has_text_color us_animate_this\"><div class=\"wpb_wrapper\"><h5>M\u00fcnzinger + Frieser Holding GmbH<\/h5>\n<\/div><\/div><\/div><\/div><\/div><\/div><div class=\"w-separator size_small\"><\/div><div class=\"w-separator size_small\"><\/div><div class=\"wpb_text_column us_custom_8fc58192 has_text_color us_animate_this hide_on_mobiles\"><div class=\"wpb_wrapper\"><p>Ponad 66 lat do\u015b\u00adwiad\u00adc\u00adze\u00adnia<br>\nz izo\u00adlacj\u0105 i oszc\u00adz\u0119d\u00adza\u00adniem ener\u00adgii<\/p>\n<\/div><\/div><div class=\"wpb_text_column us_custom_9dfee030 has_text_color us_animate_this hide_on_default hide_on_laptops hide_on_tablets\"><div class=\"wpb_wrapper\"><p>Ponad 66 lat do\u015b\u00adwiad\u00adc\u00adze\u00adnia<br>\nz izo\u00adlacj\u0105 i oszc\u00adz\u0119d\u00adza\u00adniem ener\u00adgii<\/p>\n<\/div><\/div><div class=\"g-cols wpb_row via_flex valign_top type_default stacking_default\"><div class=\"vc_col-sm-12 wpb_column vc_column_container\"><div class=\"vc_column-inner\"><div class=\"wpb_wrapper\"><div class=\"wpb_text_column us_custom_5d205497 us_animate_this\"><div class=\"wpb_wrapper\"><p>Jes\u00adte\u015bmy jedn\u0105 z wio\u00add\u0105\u00adcych hur\u00adtowni spec\u00adja\u00adlis\u00adty\u00adcz\u00adnych, spec\u00adja\u00adli\u00adzu\u00adj\u0105c\u0105 si\u0119 w wyso\u00adkiej jako\u015bci mate\u00adria\u0142ach izo\u00adla\u00adcy\u00adjnych do izo\u00adlacji tech\u00adnicz\u00adnych z ochron\u0105 przed ciep\u0142em, zim\u00adnem, d\u017awi\u0119kiem i ogniem, a tak\u017ce w sys\u00adtem\u00adach pod\u0142o\u00adgo\u00adwych.<\/p>\n<\/div><\/div><\/div><\/div><\/div><\/div><div class=\"w-separator hide_on_mobiles size_medium\"><\/div><div class=\"w-separator hide_on_default hide_on_laptops hide_on_tablets size_small\"><\/div><div class=\"w-separator hide_on_mobiles size_medium\"><\/div><div class=\"g-cols wpb_row via_flex valign_top type_default stacking_default\"><div class=\"vc_col-sm-12 vc_hidden-lg vc_hidden-md vc_hidden-sm wpb_column vc_column_container\"><div class=\"vc_column-inner\"><div class=\"wpb_wrapper\"><div class=\"w-separator size_medium\"><\/div><\/div><\/div><\/div><\/div><\/div><\/div><\/div><div class=\"vc_col-sm-6 wpb_column vc_column_container\"><div class=\"vc_column-inner\"><div class=\"wpb_wrapper\"><\/div><\/div><\/div><\/div><\/div><\/section><section class=\"l-section wpb_row us_custom_1b9a0ae8 us_animate_this height_auto\"><div class=\"l-section-h i-cf\"><div class=\"g-cols vc_row via_flex valign_top type_default stacking_default\"><div class=\"vc_col-sm-12 wpb_column vc_column_container\"><div class=\"vc_column-inner\"><div class=\"wpb_wrapper\"><div class=\"w-separator size_medium\"><\/div><div class=\"w-separator us_custom_8f2ba1f4 us_animate_this size_custom with_line width_50 thick_4 style_solid color_secondary align_center\" style=\"height:4px\"><div class=\"w-separator-h\"><\/div><\/div><div class=\"w-separator size_medium\"><\/div><\/div><\/div><\/div><\/div><\/div><\/section><section class=\"l-section wpb_row height_auto\"><div class=\"l-section-h i-cf\"><div class=\"g-cols vc_row via_flex valign_middle type_default stacking_default\"><div class=\"vc_col-sm-12 vc_col-lg-6 vc_col-md-6 wpb_column vc_column_container\"><div class=\"vc_column-inner\"><div class=\"wpb_wrapper\"><div class=\"g-cols wpb_row via_flex valign_top type_default stacking_default\"><div class=\"vc_col-sm-12 wpb_column vc_column_container\"><div class=\"vc_column-inner\"><div class=\"wpb_wrapper\"><div class=\"wpb_text_column\"><div class=\"wpb_wrapper\"><h3><span style=\"color: #003d8f;\">Og\u00f3lnopolski profesjonalista w dziedzinie izolacji<\/span><\/h3>\n<\/div><\/div><div class=\"wpb_text_column us_custom_432d3f53\"><div class=\"wpb_wrapper\"><p>Od poko\u00adle\u0144 jes\u00adte\u015bmy kom\u00adpe\u00adtent\u00adnym part\u00adne\u00adrem dla handlu, prze\u00admys\u0142u i budow\u00adnic\u00adzych dom\u00f3w. Zatrud\u00adnia\u00adj\u0105c ponad 90 pra\u00adcow\u00adni\u00adk\u00f3w w 9 loka\u00adli\u00adzac\u00adjach w Niemc\u00adzech i 3 loka\u00adli\u00adzac\u00adjach w Aus\u00adtrii, osi\u0105\u00adgamy wiele, zaw\u00adsze kon\u00adcen\u00adtru\u00adj\u0105c si\u0119 na wyso\u00adkim zado\u00adwo\u00adleniu nas\u00adzych kli\u00aden\u00adt\u00f3w.<\/p>\n<p>Dzi\u0119ki blis\u00adko\u015bci nas\u00adzych kli\u00aden\u00adt\u00f3w i w\u0142as\u00adnej flo\u00adcie pojaz\u00add\u00f3w jes\u00adte\u015bmy w sta\u00adnie szybko i elas\u00adty\u00adcz\u00adnie reago\u00adwa\u0107 na indy\u00adwi\u00addu\u00adalne wyma\u00adga\u00adnia. Nasz bez\u00adpo\u015b\u00adredni kon\u00adtakt gwa\u00adran\u00adtuje sper\u00adso\u00adna\u00adlizowane wspar\u00adcie i kr\u00f3t\u00adkie ter\u00adminy dostaw, dzi\u0119ki czemu nasze us\u0142ugi s\u0105 szc\u00adze\u00adg\u00f3l\u00adnie nie\u00adza\u00adwodne i przy\u00adjazne dla kli\u00adenta.<\/p>\n<\/div><\/div><div class=\"w-separator hide_on_laptops hide_on_tablets hide_on_mobiles size_small\"><\/div><div class=\"w-btn-wrapper align_none\"><a class=\"w-btn us-btn-style_1 icon_atright\" title=\"Firma\" href=\"https:\/\/muenzinger.eu\/pl\/firma\/\"><span class=\"w-btn-label\">Firma<\/span><i class=\"fad fa-long-arrow-right\"><\/i><\/a><\/div><\/div><\/div><\/div><\/div><\/div><\/div><\/div><div class=\"vc_col-sm-12 vc_col-lg-6 vc_col-md-6 wpb_column vc_column_container\"><div class=\"vc_column-inner\"><div class=\"wpb_wrapper\"><div class=\"w-separator hide_on_default hide_on_laptops size_medium\"><\/div><div class=\"g-cols wpb_row via_flex valign_top type_default stacking_default\"><div class=\"vc_col-sm-2 vc_hidden-sm vc_hidden-xs wpb_column vc_column_container\"><div class=\"vc_column-inner\"><div class=\"wpb_wrapper\"><\/div><\/div><\/div><div class=\"vc_col-sm-12 vc_col-lg-10 wpb_column vc_column_container\"><div class=\"vc_column-inner\"><div class=\"wpb_wrapper\"><div class=\"w-image has_ratio align_none\"><div class=\"w-image-h\"><div style=\"padding-bottom:100%\"><\/div><img loading=\"lazy\" decoding=\"async\" width=\"300\" height=\"300\" src=\"https:\/\/muenzinger.eu\/wp-content\/uploads\/2023\/07\/kollage-standorte-web-2-300x300.jpg\" class=\"attachment-medium size-medium\" alt srcset=\"https:\/\/muenzinger.eu\/wp-content\/uploads\/2023\/07\/kollage-standorte-web-2-300x300.jpg 300w, https:\/\/muenzinger.eu\/wp-content\/uploads\/2023\/07\/kollage-standorte-web-2-150x150.jpg 150w, https:\/\/muenzinger.eu\/wp-content\/uploads\/2023\/07\/kollage-standorte-web-2.jpg 700w\" sizes=\"auto, (max-width: 300px) 100vw, 300px\"><\/div><\/div><\/div><\/div><\/div><\/div><\/div><\/div><\/div><\/div><\/div><\/section><section class=\"l-section wpb_row height_auto\"><div class=\"l-section-h i-cf\"><div class=\"g-cols vc_row via_flex valign_top type_default stacking_default\"><div class=\"vc_col-sm-12 wpb_column vc_column_container\"><div class=\"vc_column-inner\"><div class=\"wpb_wrapper\"><div class=\"w-separator size_huge\"><\/div><\/div><\/div><\/div><\/div><\/div><\/section>\n","protected":false},"excerpt":{"rendered":"M\u00fcnz\u00adin\u00adger + Frie\u00adser Hol\u00adding GmbH Ponad 66 lat do\u015b\u00adwiad\u00adc\u00adze\u00adnia z izo\u00adlacj\u0105 i oszc\u00adz\u0119d\u00adza\u00adniem ener\u00adgii Ponad 66 lat do\u015b\u00adwiad\u00adc\u00adze\u00adnia z izo\u00adlacj\u0105 i oszc\u00adz\u0119d\u00adza\u00adniem ener\u00adgii Jes\u00adte\u015bmy jedn\u0105 z wio\u00add\u0105\u00adcych hur\u00adtowni spec\u00adja\u00adlis\u00adty\u00adcz\u00adnych, spec\u00adja\u00adli\u00adzu\u00adj\u0105c\u0105 si\u0119 w wyso\u00adkiej jako\u015bci mate\u00adria\u0142ach izo\u00adla\u00adcy\u00adjnych do izo\u00adlacji tech\u00adnicz\u00adnych z ochron\u0105 przed ciep\u0142em, zim\u00adnem, d\u017awi\u0119kiem i ogniem, a tak\u017ce w sys\u00adtem\u00adach pod\u0142o\u00adgo\u00adwych. Og\u00f3l\u00adno\u00adpol\u00adski pro\u00adfes\u00adjo\u00adna\u00adlista w\u2026","protected":false},"author":8,"featured_media":0,"parent":0,"menu_order":0,"comment_status":"closed","ping_status":"closed","template":"","meta":{"wp_typography_post_enhancements_disabled":false,"footnotes":"","_links_to":"","_links_to_target":""},"class_list":["post-29895","page","type-page","status-publish","hentry"],"yoast_head":"<!-- This site is optimized with the Yoast SEO plugin v27.3 - https:\/\/yoast.com\/product\/yoast-seo-wordpress\/ -->\n<title>Strona g\u0142\u00f3wna - M\u00fcnzinger + Frieser Holding GmbH \/ Adhesive D\u00e4mmsysteme GmbH<\/title>\n<meta name=\"robots\" content=\"index, follow, max-snippet:-1, max-image-preview:large, max-video-preview:-1\" \/>\n<link rel=\"canonical\" href=\"https:\/\/muenzinger.eu\/pl\/\" \/>\n<meta property=\"og:locale\" content=\"pl_PL\" \/>\n<meta property=\"og:type\" content=\"article\" \/>\n<meta property=\"og:title\" content=\"Strona g\u0142\u00f3wna - M\u00fcnzinger + Frieser Holding GmbH \/ Adhesive D\u00e4mmsysteme GmbH\" \/>\n<meta property=\"og:url\" content=\"https:\/\/muenzinger.eu\/pl\/\" \/>\n<meta property=\"og:site_name\" content=\"M\u00fcnzinger + Frieser Holding GmbH \/ Adhesive D\u00e4mmsysteme GmbH\" \/>\n<meta property=\"article:modified_time\" content=\"2025-07-22T13:10:25+00:00\" \/>\n<meta name=\"twitter:card\" content=\"summary_large_image\" \/>\n<meta name=\"twitter:label1\" content=\"Szacowany czas czytania\" \/>\n\t<meta name=\"twitter:data1\" content=\"2 minuty\" \/>\n<script type=\"application\/ld+json\" class=\"yoast-schema-graph\">{\"@context\":\"https:\\\/\\\/schema.org\",\"@graph\":[{\"@type\":\"WebPage\",\"@id\":\"https:\\\/\\\/muenzinger.eu\\\/pl\\\/\",\"url\":\"https:\\\/\\\/muenzinger.eu\\\/pl\\\/\",\"name\":\"Strona g\u0142\u00f3wna - M\u00fcnzinger + Frieser Holding GmbH \\\/ Adhesive D\u00e4mmsysteme GmbH\",\"isPartOf\":{\"@id\":\"https:\\\/\\\/muenzinger.eu\\\/pl\\\/#website\"},\"datePublished\":\"2021-12-09T15:28:20+00:00\",\"dateModified\":\"2025-07-22T13:10:25+00:00\",\"breadcrumb\":{\"@id\":\"https:\\\/\\\/muenzinger.eu\\\/pl\\\/#breadcrumb\"},\"inLanguage\":\"pl-PL\",\"potentialAction\":[{\"@type\":\"ReadAction\",\"target\":[\"https:\\\/\\\/muenzinger.eu\\\/pl\\\/\"]}]},{\"@type\":\"BreadcrumbList\",\"@id\":\"https:\\\/\\\/muenzinger.eu\\\/pl\\\/#breadcrumb\",\"itemListElement\":[{\"@type\":\"ListItem\",\"position\":1,\"name\":\"Strona g\u0142\u00f3wna\",\"item\":\"https:\\\/\\\/muenzinger.eu\\\/pl\\\/strona-glowna\\\/\"},{\"@type\":\"ListItem\",\"position\":2,\"name\":\"Strona g\u0142\u00f3wna\"}]},{\"@type\":\"WebSite\",\"@id\":\"https:\\\/\\\/muenzinger.eu\\\/pl\\\/#website\",\"url\":\"https:\\\/\\\/muenzinger.eu\\\/pl\\\/\",\"name\":\"M\u00fcnzinger + Frieser Holding GmbH \\\/ Adhesive D\u00e4mmsysteme GmbH\",\"description\":\"\",\"publisher\":{\"@id\":\"https:\\\/\\\/muenzinger.eu\\\/pl\\\/#organization\"},\"potentialAction\":[{\"@type\":\"SearchAction\",\"target\":{\"@type\":\"EntryPoint\",\"urlTemplate\":\"https:\\\/\\\/muenzinger.eu\\\/pl\\\/?s={search_term_string}\"},\"query-input\":{\"@type\":\"PropertyValueSpecification\",\"valueRequired\":true,\"valueName\":\"search_term_string\"}}],\"inLanguage\":\"pl-PL\"},{\"@type\":\"Organization\",\"@id\":\"https:\\\/\\\/muenzinger.eu\\\/pl\\\/#organization\",\"name\":\"M\u00fcnzinger + Frieser Holding GmbH \\\/ Adhesive D\u00e4mmsysteme GmbH\",\"url\":\"https:\\\/\\\/muenzinger.eu\\\/pl\\\/\",\"logo\":{\"@type\":\"ImageObject\",\"inLanguage\":\"pl-PL\",\"@id\":\"https:\\\/\\\/muenzinger.eu\\\/pl\\\/#\\\/schema\\\/logo\\\/image\\\/\",\"url\":\"https:\\\/\\\/muenzinger.eu\\\/wp-content\\\/uploads\\\/2022\\\/12\\\/Muenzinger-logo-01.png\",\"contentUrl\":\"https:\\\/\\\/muenzinger.eu\\\/wp-content\\\/uploads\\\/2022\\\/12\\\/Muenzinger-logo-01.png\",\"width\":580,\"height\":107,\"caption\":\"M\u00fcnzinger + Frieser Holding GmbH \\\/ Adhesive D\u00e4mmsysteme GmbH\"},\"image\":{\"@id\":\"https:\\\/\\\/muenzinger.eu\\\/pl\\\/#\\\/schema\\\/logo\\\/image\\\/\"},\"sameAs\":[\"https:\\\/\\\/www.linkedin.com\\\/company\\\/mnzinger-frieser-holding-gmbh\\\/\"]}]}<\/script>\n<!-- \/ Yoast SEO plugin. -->","yoast_head_json":{"title":"Strona g\u0142\u00f3wna - M\u00fcnzinger + Frieser Holding GmbH \/ Adhesive D\u00e4mmsysteme GmbH","robots":{"index":"index","follow":"follow","max-snippet":"max-snippet:-1","max-image-preview":"max-image-preview:large","max-video-preview":"max-video-preview:-1"},"canonical":"https:\/\/muenzinger.eu\/pl\/","og_locale":"pl_PL","og_type":"article","og_title":"Strona g\u0142\u00f3wna - M\u00fcnzinger + Frieser Holding GmbH \/ Adhesive D\u00e4mmsysteme GmbH","og_url":"https:\/\/muenzinger.eu\/pl\/","og_site_name":"M\u00fcnzinger + Frieser Holding GmbH \/ Adhesive D\u00e4mmsysteme GmbH","article_modified_time":"2025-07-22T13:10:25+00:00","twitter_card":"summary_large_image","twitter_misc":{"Szacowany czas czytania":"2 minuty"},"schema":{"@context":"https:\/\/schema.org","@graph":[{"@type":"WebPage","@id":"https:\/\/muenzinger.eu\/pl\/","url":"https:\/\/muenzinger.eu\/pl\/","name":"Strona g\u0142\u00f3wna - M\u00fcnzinger + Frieser Holding GmbH \/ Adhesive D\u00e4mmsysteme GmbH","isPartOf":{"@id":"https:\/\/muenzinger.eu\/pl\/#website"},"datePublished":"2021-12-09T15:28:20+00:00","dateModified":"2025-07-22T13:10:25+00:00","breadcrumb":{"@id":"https:\/\/muenzinger.eu\/pl\/#breadcrumb"},"inLanguage":"pl-PL","potentialAction":[{"@type":"ReadAction","target":["https:\/\/muenzinger.eu\/pl\/"]}]},{"@type":"BreadcrumbList","@id":"https:\/\/muenzinger.eu\/pl\/#breadcrumb","itemListElement":[{"@type":"ListItem","position":1,"name":"Strona g\u0142\u00f3wna","item":"https:\/\/muenzinger.eu\/pl\/strona-glowna\/"},{"@type":"ListItem","position":2,"name":"Strona g\u0142\u00f3wna"}]},{"@type":"WebSite","@id":"https:\/\/muenzinger.eu\/pl\/#website","url":"https:\/\/muenzinger.eu\/pl\/","name":"M\u00fcnzinger + Frieser Holding GmbH \/ Adhesive D\u00e4mmsysteme GmbH","description":"","publisher":{"@id":"https:\/\/muenzinger.eu\/pl\/#organization"},"potentialAction":[{"@type":"SearchAction","target":{"@type":"EntryPoint","urlTemplate":"https:\/\/muenzinger.eu\/pl\/?s={search_term_string}"},"query-input":{"@type":"PropertyValueSpecification","valueRequired":true,"valueName":"search_term_string"}}],"inLanguage":"pl-PL"},{"@type":"Organization","@id":"https:\/\/muenzinger.eu\/pl\/#organization","name":"M\u00fcnzinger + Frieser Holding GmbH \/ Adhesive D\u00e4mmsysteme GmbH","url":"https:\/\/muenzinger.eu\/pl\/","logo":{"@type":"ImageObject","inLanguage":"pl-PL","@id":"https:\/\/muenzinger.eu\/pl\/#\/schema\/logo\/image\/","url":"https:\/\/muenzinger.eu\/wp-content\/uploads\/2022\/12\/Muenzinger-logo-01.png","contentUrl":"https:\/\/muenzinger.eu\/wp-content\/uploads\/2022\/12\/Muenzinger-logo-01.png","width":580,"height":107,"caption":"M\u00fcnzinger + Frieser Holding GmbH \/ Adhesive D\u00e4mmsysteme GmbH"},"image":{"@id":"https:\/\/muenzinger.eu\/pl\/#\/schema\/logo\/image\/"},"sameAs":["https:\/\/www.linkedin.com\/company\/mnzinger-frieser-holding-gmbh\/"]}]}},"_links":{"self":[{"href":"https:\/\/muenzinger.eu\/pl\/wp-json\/wp\/v2\/pages\/29895","targetHints":{"allow":["GET"]}}],"collection":[{"href":"https:\/\/muenzinger.eu\/pl\/wp-json\/wp\/v2\/pages"}],"about":[{"href":"https:\/\/muenzinger.eu\/pl\/wp-json\/wp\/v2\/types\/page"}],"author":[{"embeddable":true,"href":"https:\/\/muenzinger.eu\/pl\/wp-json\/wp\/v2\/users\/8"}],"replies":[{"embeddable":true,"href":"https:\/\/muenzinger.eu\/pl\/wp-json\/wp\/v2\/comments?post=29895"}],"version-history":[{"count":0,"href":"https:\/\/muenzinger.eu\/pl\/wp-json\/wp\/v2\/pages\/29895\/revisions"}],"wp:attachment":[{"href":"https:\/\/muenzinger.eu\/pl\/wp-json\/wp\/v2\/media?parent=29895"}],"curies":[{"name":"wp","href":"https:\/\/api.w.org\/{rel}","templated":true}]}}