{"id":29825,"date":"2021-12-03T17:58:21","date_gmt":"2021-12-03T16:58:21","guid":{"rendered":"https:\/\/muenzinger.eu\/nadruk\/"},"modified":"2025-07-24T13:05:51","modified_gmt":"2025-07-24T11:05:51","slug":"nadruk","status":"publish","type":"page","link":"https:\/\/muenzinger.eu\/pl\/nadruk\/","title":{"rendered":"Nadruk"},"content":{"rendered":"<h4>1. informacje zgodnie z \u00a7 5 ust. 1 TMG i \u00a7 2 DL-InfoV<\/h4>\n<p>Nazwa dostawcy:<br>\nM\u00fcnz\u00adin\u00adger + Frie\u00adser Hol\u00adding GmbH<\/p>\n<p>Dyrek\u00adtorzy zar\u00adz\u0105d\u00adza\u00adj\u0105cy upo\u00adwa\u017c\u00adni\u00adeni do repre\u00adzen\u00adto\u00adwa\u00adnia sp\u00f3\u0142ki:<br>\nUwe M\u00fcnz\u00adin\u00adger<\/p>\n<p>Forma prawna, rejes\u00adtracja, sied\u00adziba:<br>\nM\u00fcnz\u00adin\u00adger + Frie\u00adser Hol\u00adding GmbH jest sp\u00f3\u0142k\u0105 z ogra\u00adnic\u00adzon\u0105 odpo\u00adwied\u00adzi\u00adal\u00adno\u015bci\u0105 w rozu\u00admi\u00ade\u00adniu nie\u00admieckiej ustawy o sp\u00f3\u0142\u00adkach z ogra\u00adnic\u00adzon\u0105 odpo\u00adwied\u00adzi\u00adal\u00adno\u015bci\u0105 (GmbHG).<\/p>\n<p>S\u0105d rejes\u00adtrowy: S\u0105d lokalny w Stuttgar\u00adcie<br>\nNumer rejes\u00adtrowy: HRB 354460<br>\nNumer iden\u00adty\u00adfi\u00adka\u00adcji podat\u00adko\u00adwej sprze\u00adda\u017cy wg. \u00a7 27a UStG: DE 154725333<\/p>\n<p>Dane kon\u00adtakt\u00adowe:<br>\nOlgastr. 14\u201326<br>\nD\u201172770 Reut\u00adlin\u00adgen <\/p>\n<h4>Skontaktuj si\u0119 z nami<\/h4>\n<p>Tel.  +49 (0) 7121 95 96 <a href=\"tel:+49712195960\"> 0<\/a><br>\nFax +49 (0) 7121 95 96 18<br>\ne\u2011mail  <a href=\"mailto:info@muenzinger.de\">info@muenzinger.de<\/a><\/p>\n<h4>2. dalsze informacje<\/h4>\n<p>Odpo\u00adwied\u00adzi\u00adalny zgod\u00adnie z \u00a7 18 Abs. 2 Inter\u00adstate Media Treaty:<br>\nUwe M\u00fcnz\u00adin\u00adger, Olgastr. 14\u201326, 72770 Reut\u00adlin\u00adgen<\/p>\n<h4>3. ochrona danych<\/h4>\n<p>Nasze infor\u00admacje o ochro\u00adnie danych mo\u017cna zna\u00adle\u017a\u0107 na stro\u00adnie  <a href=\"https:\/\/muenzinger.eu\/pl\/ochrona-danych-4\/\">https:\/\/muenzinger.eu\/dsgvo\/<\/a><\/p>\n<h4>4. prawa autorskie<\/h4>\n<p>Tre\u015bci, prace i infor\u00admacje dost\u00adar\u00adc\u00adzane przez ope\u00adra\u00adtor\u00f3w witryn pod\u00adle\u00adgaj\u0105 nie\u00admieckiemu prawu autor\u00adskiemu i dodat\u00adko\u00adwemu prawu autor\u00adskiemu. Prawa do tre\u015bci i utwor\u00f3w udo\u00adst\u0119p\u00adnionych na tej stro\u00adnie inter\u00adneto\u00adwej nale\u017c\u0105 wy\u0142\u0105cz\u00adnie do M\u00fcnz\u00adin\u00adger + Frie\u00adser Hol\u00adding GmbH.<\/p>\n<p>Niez\u00admo\u00addy\u00adfi\u00adkowane frag\u00admenty lub tre\u015bci z tej strony inter\u00adneto\u00adwej mog\u0105 by\u0107 dru\u00adko\u00adwane lub w inny spos\u00f3b tymc\u00adz\u00ada\u00adsowo prz\u00adecho\u00adwy\u00adwane do cel\u00f3w oso\u00adbis\u00adtych, pry\u00adwat\u00adnych i nie\u00adkom\u00ader\u00adcy\u00adjnych, pod war\u00adun\u00adkiem, \u017ce wszyst\u00adkie infor\u00admacje o pra\u00adwach autor\u00adskich i pra\u00adwach w\u0142as\u00adno\u015bci pozostan\u0105 niez\u00admi\u00aden\u00adione.<\/p>\n<p>Poza tym, ninie\u00adjsza strona inter\u00adnetowa nie mo\u017ce by\u0107 kopio\u00adwana, mody\u00adfi\u00adkowana lub publicz\u00adnie pre\u00adzen\u00adto\u00adwana lub ponow\u00adnie publi\u00adko\u00adwana na mediach jakie\u00adgo\u00adkol\u00adwiek rod\u00adzaju, w ca\u0142o\u015bci lub w cz\u0119\u015bci, bez uprzedniej pisem\u00adnej zgody M\u00fcnz\u00adin\u00adger + Frie\u00adser Hol\u00adding GmbH; w szc\u00adze\u00adg\u00f3l\u00adno\u015bci w ram\u00adkach lub iFrames.<\/p>\n","protected":false},"excerpt":{"rendered":"<p>1. infor\u00admacje zgod\u00adnie z \u00a7 5 ust. 1 TMG i \u00a7 2 DL-InfoV Nazwa dostawcy: M\u00fcnz\u00adin\u00adger + Frie\u00adser Hol\u00adding GmbH Dyrek\u00adtorzy zar\u00adz\u0105d\u00adza\u00adj\u0105cy upo\u00adwa\u017c\u00adni\u00adeni do repre\u00adzen\u00adto\u00adwa\u00adnia sp\u00f3\u0142ki: Uwe M\u00fcnz\u00adin\u00adger Forma prawna, rejes\u00adtracja, sied\u00adziba: M\u00fcnz\u00adin\u00adger + Frie\u00adser Hol\u00adding GmbH jest sp\u00f3\u0142k\u0105 z ogra\u00adnic\u00adzon\u0105 odpo\u00adwied\u00adzi\u00adal\u00adno\u015bci\u0105 w rozu\u00admi\u00ade\u00adniu nie\u00admieckiej ustawy o sp\u00f3\u0142\u00adkach z ogra\u00adnic\u00adzon\u0105 odpo\u00adwied\u00adzi\u00adal\u00adno\u015bci\u0105 (GmbHG). S\u0105d rejes\u00adtrowy: S\u0105d\u2026<\/p>\n","protected":false},"author":8,"featured_media":0,"parent":0,"menu_order":21,"comment_status":"closed","ping_status":"closed","template":"","meta":{"wp_typography_post_enhancements_disabled":false,"footnotes":"","_links_to":"","_links_to_target":""},"class_list":["post-29825","page","type-page","status-publish","hentry"],"yoast_head":"<!-- This site is optimized with the Yoast SEO plugin v27.3 - https:\/\/yoast.com\/product\/yoast-seo-wordpress\/ -->\n<title>Nadruk - M\u00fcnzinger + Frieser Holding GmbH \/ Adhesive D\u00e4mmsysteme GmbH<\/title>\n<meta name=\"robots\" content=\"noindex, nofollow\" \/>\n<meta property=\"og:locale\" content=\"pl_PL\" \/>\n<meta property=\"og:type\" content=\"article\" \/>\n<meta property=\"og:title\" content=\"Nadruk - M\u00fcnzinger + Frieser Holding GmbH \/ Adhesive D\u00e4mmsysteme GmbH\" \/>\n<meta property=\"og:description\" content=\"1. informacje zgodnie z \u00a7 5 ust. 1 TMG i \u00a7 2 DL-InfoV Nazwa dostawcy: M\u00fcnz\u00adin\u00adger + Frie\u00adser Hol\u00adding GmbH Dyrek\u00adtorzy zar\u00adz\u0105d\u00adza\u00adj\u0105cy upo\u00adwa\u017c\u00adni\u00adeni do repre\u00adzen\u00adto\u00adwa\u00adnia sp\u00f3\u0142ki: Uwe M\u00fcnz\u00adin\u00adger Forma prawna, rejes\u00adtracja, sied\u00adziba: M\u00fcnz\u00adin\u00adger + Frie\u00adser Hol\u00adding GmbH jest sp\u00f3\u0142k\u0105 z ogra\u00adnic\u00adzon\u0105 odpo\u00adwied\u00adzi\u00adal\u00adno\u015bci\u0105 w rozu\u00admi\u00ade\u00adniu nie\u00admieckiej ustawy o sp\u00f3\u0142\u00adkach z ogra\u00adnic\u00adzon\u0105 odpo\u00adwied\u00adzi\u00adal\u00adno\u015bci\u0105 (GmbHG). S\u0105d rejes\u00adtrowy: S\u0105d...\" \/>\n<meta property=\"og:url\" content=\"https:\/\/muenzinger.eu\/pl\/nadruk\/\" \/>\n<meta property=\"og:site_name\" content=\"M\u00fcnzinger + Frieser Holding GmbH \/ Adhesive D\u00e4mmsysteme GmbH\" \/>\n<meta property=\"article:modified_time\" content=\"2025-07-24T11:05:51+00:00\" \/>\n<meta name=\"twitter:card\" content=\"summary_large_image\" \/>\n<meta name=\"twitter:label1\" content=\"Szacowany czas czytania\" \/>\n\t<meta name=\"twitter:data1\" content=\"1 minuta\" \/>\n<script type=\"application\/ld+json\" class=\"yoast-schema-graph\">{\"@context\":\"https:\\\/\\\/schema.org\",\"@graph\":[{\"@type\":\"WebPage\",\"@id\":\"https:\\\/\\\/muenzinger.eu\\\/pl\\\/nadruk\\\/\",\"url\":\"https:\\\/\\\/muenzinger.eu\\\/pl\\\/nadruk\\\/\",\"name\":\"Nadruk - M\u00fcnzinger + Frieser Holding GmbH \\\/ Adhesive D\u00e4mmsysteme GmbH\",\"isPartOf\":{\"@id\":\"https:\\\/\\\/muenzinger.eu\\\/pl\\\/#website\"},\"datePublished\":\"2021-12-03T16:58:21+00:00\",\"dateModified\":\"2025-07-24T11:05:51+00:00\",\"breadcrumb\":{\"@id\":\"https:\\\/\\\/muenzinger.eu\\\/pl\\\/nadruk\\\/#breadcrumb\"},\"inLanguage\":\"pl-PL\",\"potentialAction\":[{\"@type\":\"ReadAction\",\"target\":[\"https:\\\/\\\/muenzinger.eu\\\/pl\\\/nadruk\\\/\"]}]},{\"@type\":\"BreadcrumbList\",\"@id\":\"https:\\\/\\\/muenzinger.eu\\\/pl\\\/nadruk\\\/#breadcrumb\",\"itemListElement\":[{\"@type\":\"ListItem\",\"position\":1,\"name\":\"Strona g\u0142\u00f3wna\",\"item\":\"https:\\\/\\\/muenzinger.eu\\\/pl\\\/strona-glowna\\\/\"},{\"@type\":\"ListItem\",\"position\":2,\"name\":\"Nadruk\"}]},{\"@type\":\"WebSite\",\"@id\":\"https:\\\/\\\/muenzinger.eu\\\/pl\\\/#website\",\"url\":\"https:\\\/\\\/muenzinger.eu\\\/pl\\\/\",\"name\":\"M\u00fcnzinger + Frieser Holding GmbH \\\/ Adhesive D\u00e4mmsysteme GmbH\",\"description\":\"\",\"publisher\":{\"@id\":\"https:\\\/\\\/muenzinger.eu\\\/pl\\\/#organization\"},\"potentialAction\":[{\"@type\":\"SearchAction\",\"target\":{\"@type\":\"EntryPoint\",\"urlTemplate\":\"https:\\\/\\\/muenzinger.eu\\\/pl\\\/?s={search_term_string}\"},\"query-input\":{\"@type\":\"PropertyValueSpecification\",\"valueRequired\":true,\"valueName\":\"search_term_string\"}}],\"inLanguage\":\"pl-PL\"},{\"@type\":\"Organization\",\"@id\":\"https:\\\/\\\/muenzinger.eu\\\/pl\\\/#organization\",\"name\":\"M\u00fcnzinger + Frieser Holding GmbH \\\/ Adhesive D\u00e4mmsysteme GmbH\",\"url\":\"https:\\\/\\\/muenzinger.eu\\\/pl\\\/\",\"logo\":{\"@type\":\"ImageObject\",\"inLanguage\":\"pl-PL\",\"@id\":\"https:\\\/\\\/muenzinger.eu\\\/pl\\\/#\\\/schema\\\/logo\\\/image\\\/\",\"url\":\"https:\\\/\\\/muenzinger.eu\\\/wp-content\\\/uploads\\\/2022\\\/12\\\/Muenzinger-logo-01.png\",\"contentUrl\":\"https:\\\/\\\/muenzinger.eu\\\/wp-content\\\/uploads\\\/2022\\\/12\\\/Muenzinger-logo-01.png\",\"width\":580,\"height\":107,\"caption\":\"M\u00fcnzinger + Frieser Holding GmbH \\\/ Adhesive D\u00e4mmsysteme GmbH\"},\"image\":{\"@id\":\"https:\\\/\\\/muenzinger.eu\\\/pl\\\/#\\\/schema\\\/logo\\\/image\\\/\"},\"sameAs\":[\"https:\\\/\\\/www.linkedin.com\\\/company\\\/mnzinger-frieser-holding-gmbh\\\/\"]}]}<\/script>\n<!-- \/ Yoast SEO plugin. -->","yoast_head_json":{"title":"Nadruk - M\u00fcnzinger + Frieser Holding GmbH \/ Adhesive D\u00e4mmsysteme GmbH","robots":{"index":"noindex","follow":"nofollow"},"og_locale":"pl_PL","og_type":"article","og_title":"Nadruk - M\u00fcnzinger + Frieser Holding GmbH \/ Adhesive D\u00e4mmsysteme GmbH","og_description":"1. informacje zgodnie z \u00a7 5 ust. 1 TMG i \u00a7 2 DL-InfoV Nazwa dostawcy: M\u00fcnz\u00adin\u00adger + Frie\u00adser Hol\u00adding GmbH Dyrek\u00adtorzy zar\u00adz\u0105d\u00adza\u00adj\u0105cy upo\u00adwa\u017c\u00adni\u00adeni do repre\u00adzen\u00adto\u00adwa\u00adnia sp\u00f3\u0142ki: Uwe M\u00fcnz\u00adin\u00adger Forma prawna, rejes\u00adtracja, sied\u00adziba: M\u00fcnz\u00adin\u00adger + Frie\u00adser Hol\u00adding GmbH jest sp\u00f3\u0142k\u0105 z ogra\u00adnic\u00adzon\u0105 odpo\u00adwied\u00adzi\u00adal\u00adno\u015bci\u0105 w rozu\u00admi\u00ade\u00adniu nie\u00admieckiej ustawy o sp\u00f3\u0142\u00adkach z ogra\u00adnic\u00adzon\u0105 odpo\u00adwied\u00adzi\u00adal\u00adno\u015bci\u0105 (GmbHG). S\u0105d rejes\u00adtrowy: S\u0105d...","og_url":"https:\/\/muenzinger.eu\/pl\/nadruk\/","og_site_name":"M\u00fcnzinger + Frieser Holding GmbH \/ Adhesive D\u00e4mmsysteme GmbH","article_modified_time":"2025-07-24T11:05:51+00:00","twitter_card":"summary_large_image","twitter_misc":{"Szacowany czas czytania":"1 minuta"},"schema":{"@context":"https:\/\/schema.org","@graph":[{"@type":"WebPage","@id":"https:\/\/muenzinger.eu\/pl\/nadruk\/","url":"https:\/\/muenzinger.eu\/pl\/nadruk\/","name":"Nadruk - M\u00fcnzinger + Frieser Holding GmbH \/ Adhesive D\u00e4mmsysteme GmbH","isPartOf":{"@id":"https:\/\/muenzinger.eu\/pl\/#website"},"datePublished":"2021-12-03T16:58:21+00:00","dateModified":"2025-07-24T11:05:51+00:00","breadcrumb":{"@id":"https:\/\/muenzinger.eu\/pl\/nadruk\/#breadcrumb"},"inLanguage":"pl-PL","potentialAction":[{"@type":"ReadAction","target":["https:\/\/muenzinger.eu\/pl\/nadruk\/"]}]},{"@type":"BreadcrumbList","@id":"https:\/\/muenzinger.eu\/pl\/nadruk\/#breadcrumb","itemListElement":[{"@type":"ListItem","position":1,"name":"Strona g\u0142\u00f3wna","item":"https:\/\/muenzinger.eu\/pl\/strona-glowna\/"},{"@type":"ListItem","position":2,"name":"Nadruk"}]},{"@type":"WebSite","@id":"https:\/\/muenzinger.eu\/pl\/#website","url":"https:\/\/muenzinger.eu\/pl\/","name":"M\u00fcnzinger + Frieser Holding GmbH \/ Adhesive D\u00e4mmsysteme GmbH","description":"","publisher":{"@id":"https:\/\/muenzinger.eu\/pl\/#organization"},"potentialAction":[{"@type":"SearchAction","target":{"@type":"EntryPoint","urlTemplate":"https:\/\/muenzinger.eu\/pl\/?s={search_term_string}"},"query-input":{"@type":"PropertyValueSpecification","valueRequired":true,"valueName":"search_term_string"}}],"inLanguage":"pl-PL"},{"@type":"Organization","@id":"https:\/\/muenzinger.eu\/pl\/#organization","name":"M\u00fcnzinger + Frieser Holding GmbH \/ Adhesive D\u00e4mmsysteme GmbH","url":"https:\/\/muenzinger.eu\/pl\/","logo":{"@type":"ImageObject","inLanguage":"pl-PL","@id":"https:\/\/muenzinger.eu\/pl\/#\/schema\/logo\/image\/","url":"https:\/\/muenzinger.eu\/wp-content\/uploads\/2022\/12\/Muenzinger-logo-01.png","contentUrl":"https:\/\/muenzinger.eu\/wp-content\/uploads\/2022\/12\/Muenzinger-logo-01.png","width":580,"height":107,"caption":"M\u00fcnzinger + Frieser Holding GmbH \/ Adhesive D\u00e4mmsysteme GmbH"},"image":{"@id":"https:\/\/muenzinger.eu\/pl\/#\/schema\/logo\/image\/"},"sameAs":["https:\/\/www.linkedin.com\/company\/mnzinger-frieser-holding-gmbh\/"]}]}},"_links":{"self":[{"href":"https:\/\/muenzinger.eu\/pl\/wp-json\/wp\/v2\/pages\/29825","targetHints":{"allow":["GET"]}}],"collection":[{"href":"https:\/\/muenzinger.eu\/pl\/wp-json\/wp\/v2\/pages"}],"about":[{"href":"https:\/\/muenzinger.eu\/pl\/wp-json\/wp\/v2\/types\/page"}],"author":[{"embeddable":true,"href":"https:\/\/muenzinger.eu\/pl\/wp-json\/wp\/v2\/users\/8"}],"replies":[{"embeddable":true,"href":"https:\/\/muenzinger.eu\/pl\/wp-json\/wp\/v2\/comments?post=29825"}],"version-history":[{"count":0,"href":"https:\/\/muenzinger.eu\/pl\/wp-json\/wp\/v2\/pages\/29825\/revisions"}],"wp:attachment":[{"href":"https:\/\/muenzinger.eu\/pl\/wp-json\/wp\/v2\/media?parent=29825"}],"curies":[{"name":"wp","href":"https:\/\/api.w.org\/{rel}","templated":true}]}}