{"id":30148,"date":"2023-06-27T16:51:26","date_gmt":"2023-06-27T14:51:26","guid":{"rendered":"https:\/\/muenzinger.eu\/entreprise\/"},"modified":"2024-01-25T15:37:17","modified_gmt":"2024-01-25T14:37:17","slug":"entreprise","status":"publish","type":"page","link":"https:\/\/muenzinger.eu\/fr\/entreprise\/","title":{"rendered":"Entreprise"},"content":{"rendered":"<section class=\"l-section wpb_row height_auto\"><div class=\"l-section-h i-cf\"><div class=\"g-cols vc_row via_flex valign_top type_default stacking_default\"><div class=\"vc_col-sm-12 wpb_column vc_column_container\"><div class=\"vc_column-inner\"><div class=\"wpb_wrapper\"><div class=\"w-separator size_small\"><\/div><\/div><\/div><\/div><\/div><\/div><\/section><section class=\"l-section wpb_row us_custom_e767e4a2 height_auto width_full\"><div class=\"l-section-h i-cf\"><div class=\"g-cols vc_row via_flex valign_top type_default stacking_default\"><div class=\"vc_col-sm-1\/5 wpb_column vc_column_container col-overview-menu has_bg_color has-link\"><div class=\"vc_column-inner us_custom_f06b067e\"><div class=\"vc_column-overlay\" style=\"background:rgba(0,0,0,0.5)\"><\/div><div class=\"wpb_wrapper\"><div class=\"wpb_text_column us_custom_aafd2f52 underline has_text_color\"><div class=\"wpb_wrapper\"><h6><strong>\u00c0 propos de nous<\/strong><\/h6>\n<\/div><\/div><div class=\"w-separator size_small\"><\/div><\/div><\/div><a title=\"a propos de nous\" href=\"https:\/\/muenzinger.eu\/fr\/a-propos-de-nous\/\" class=\"vc_column-link smooth-scroll\"><\/a><\/div><div class=\"vc_col-sm-1\/5 wpb_column vc_column_container col-overview-menu has_bg_color has-link\"><div class=\"vc_column-inner us_custom_775a84bd\"><div class=\"vc_column-overlay\" style=\"background:rgba(0,0,0,0.5)\"><\/div><div class=\"wpb_wrapper\"><div class=\"wpb_text_column us_custom_aafd2f52 underline has_text_color\"><div class=\"wpb_wrapper\"><h6><strong>Sites<\/strong><\/h6>\n<\/div><\/div><div class=\"w-separator size_small\"><\/div><\/div><\/div><a title=\"sites\" href=\"https:\/\/muenzinger.eu\/fr\/sites\/\" class=\"vc_column-link smooth-scroll\"><\/a><\/div><div class=\"vc_col-sm-1\/5 wpb_column vc_column_container col-overview-menu has_bg_color has-link\"><div class=\"vc_column-inner us_custom_136d4743\"><div class=\"vc_column-overlay\" style=\"background:rgba(0,0,0,0.5)\"><\/div><div class=\"wpb_wrapper\"><div class=\"wpb_text_column us_custom_aafd2f52 underline has_text_color\"><div class=\"wpb_wrapper\"><h6><strong>Notre promesse<\/strong><\/h6>\n<\/div><\/div><div class=\"w-separator size_small\"><\/div><\/div><\/div><a title=\"notre promesse\" href=\"https:\/\/muenzinger.eu\/fr\/notre-promesse\/\" class=\"vc_column-link smooth-scroll\"><\/a><\/div><div class=\"vc_col-sm-1\/5 wpb_column vc_column_container col-overview-menu has_bg_color has-link\"><div class=\"vc_column-inner us_custom_55bea85e\"><div class=\"vc_column-overlay\" style=\"background:rgba(0,0,0,0.5)\"><\/div><div class=\"wpb_wrapper\"><div class=\"wpb_text_column us_custom_aafd2f52 underline has_text_color\"><div class=\"wpb_wrapper\"><h6><strong>Durabilit\u00e9<\/strong><\/h6>\n<\/div><\/div><div class=\"w-separator size_small\"><\/div><\/div><\/div><a title=\"durabilit\u00e9\" href=\"https:\/\/muenzinger.eu\/fr\/durabilite-complete\/\" class=\"vc_column-link smooth-scroll\"><\/a><\/div><div class=\"vc_col-sm-1\/5 wpb_column vc_column_container col-overview-menu has_bg_color has-link\"><div class=\"vc_column-inner us_custom_3b9f0b43\"><div class=\"vc_column-overlay\" style=\"background:rgba(0,0,0,0.5)\"><\/div><div class=\"wpb_wrapper\"><div class=\"wpb_text_column us_custom_aafd2f52 underline has_text_color\"><div class=\"wpb_wrapper\"><h6><strong>Carri\u00e8re<\/strong><\/h6>\n<\/div><\/div><div class=\"w-separator size_small\"><\/div><\/div><\/div><a title=\"carri\u00e8re\" href=\"https:\/\/muenzinger.eu\/fr\/carriere\/\" class=\"vc_column-link smooth-scroll\"><\/a><\/div><div class=\"vc_col-sm-12 wpb_column vc_column_container\"><div class=\"vc_column-inner\"><div class=\"wpb_wrapper\"><div class=\"w-separator size_small\"><\/div><\/div><\/div><\/div><\/div><\/div><\/section><section class=\"l-section wpb_row us_custom_502d7613 height_auto color_alternate with_slider\"><div class=\"l-section-slider\"><div class=\"w-slider style_none fit_cover\"><div class=\"w-slider-h\"><div class=\"royalSlider\"><div class=\"rsContent\"><a class=\"rsImg\" data-rsw=\"1920\" data-rsh=\"1278\" href=\"https:\/\/muenzinger.eu\/wp-content\/uploads\/2023\/06\/Unternehmen.jpg\"><span data-alt><\/span><\/a><\/div><\/div><img decoding=\"async\" src=\"https:\/\/muenzinger.eu\/wp-content\/uploads\/2023\/06\/Unternehmen.jpg\" width=\"1920\" height=\"1278\" alt loading=\"lazy\"><\/div><div class=\"w-slider-json\" onclick=\"return {&quot;loop&quot;:true,&quot;fadeInLoadedSlide&quot;:false,&quot;slidesSpacing&quot;:0,&quot;imageScalePadding&quot;:0,&quot;numImagesToPreload&quot;:2,&quot;arrowsNav&quot;:false,&quot;arrowsNavAutoHide&quot;:false,&quot;transitionType&quot;:&quot;fade&quot;,&quot;transitionSpeed&quot;:2000,&quot;block&quot;:{&quot;moveEffect&quot;:&quot;none&quot;,&quot;speed&quot;:300},&quot;controlNavigation&quot;:&quot;none&quot;,&quot;autoplay&quot;:{&quot;enabled&quot;:true,&quot;pauseOnHover&quot;:false,&quot;delay&quot;:4000},&quot;imageScaleMode&quot;:&quot;fill&quot;,&quot;autoScaleSlider&quot;:true,&quot;autoScaleSliderWidth&quot;:1920,&quot;autoScaleSliderHeight&quot;:1278,&quot;fitInViewport&quot;:false}\"><\/div><\/div><\/div><div class=\"l-section-overlay\" style=\"background:linear-gradient(255deg,rgba(0,0,0,0.45),rgba(0,0,0,0.65))\"><\/div><div class=\"l-section-h i-cf\"><div class=\"g-cols vc_row via_flex valign_middle type_default stacking_default\"><div class=\"vc_col-sm-9 vc_col-lg-6 vc_col-md-8 vc_col-xs-12 wpb_column vc_column_container\"><div class=\"vc_column-inner\"><div class=\"wpb_wrapper\"><div class=\"g-cols wpb_row via_flex valign_top type_default stacking_default\"><div class=\"vc_col-sm-12 vc_hidden-lg vc_hidden-md vc_hidden-sm wpb_column vc_column_container\"><div class=\"vc_column-inner\"><div class=\"wpb_wrapper\"><div class=\"w-separator size_small\"><\/div><\/div><\/div><\/div><\/div><div class=\"w-separator size_medium\"><\/div><div class=\"g-cols wpb_row via_flex valign_top type_default stacking_default\"><div class=\"vc_col-sm-12 wpb_column vc_column_container\"><div class=\"vc_column-inner us_custom_de366d1c us_animate_this\"><div class=\"wpb_wrapper\"><div class=\"wpb_text_column us_custom_521988b2 has_text_color us_animate_this\"><div class=\"wpb_wrapper\"><h5>Entreprise<\/h5>\n<\/div><\/div><\/div><\/div><\/div><\/div><div class=\"w-separator size_small\"><\/div><div class=\"w-separator size_small\"><\/div><div class=\"wpb_text_column us_custom_2d27602c has_text_color us_animate_this\"><div class=\"wpb_wrapper\"><p><span style=\"color: #e11900;\">Nous, M\u00fcnz\u00adin\u00adger + Frie\u00adser Hol\u00adding GmbH, som\u00admes l\u2019un des prin\u00adci\u00adpaux gros\u00adsis\u00adtes en mat\u00e9\u00adriaux iso\u00adlants.<\/span><\/p>\n<\/div><\/div><div class=\"w-separator size_small\"><\/div><div class=\"g-cols wpb_row us_custom_84e87aa5 us_animate_this via_flex valign_top type_default stacking_default\"><div class=\"vc_col-sm-12 wpb_column vc_column_container\"><div class=\"vc_column-inner\"><div class=\"wpb_wrapper\"><div class=\"wpb_text_column us_custom_432d3f53\"><div class=\"wpb_wrapper\"><p>Nous som\u00admes sp\u00e9\u00adcia\u00adli\u00ads\u00e9s dans la vente de mat\u00e9\u00adriaux d\u2019iso\u00adla\u00adtion de haute qua\u00adlit\u00e9. Nous nous distin\u00adguons par notre exper\u00adtise et notre enga\u00adge\u00adment en faveur de la qua\u00adlit\u00e9 et de la dura\u00adbi\u00adlit\u00e9, ainsi que par notre ser\u00advice.<\/p>\n<p>Depuis notre cr\u00e9a\u00adtion en 1956 \u00e0 Reut\u00adlin\u00adgen, nous n\u2019a\u00advons cess\u00e9 de cro\u00eetre. D\u2019une part en interne et d\u2019autre part par le rachat de Frie\u00adser dans le domaine de la tech\u00adni\u00adque des sols et de la tech\u00adni\u00adque d\u2019iso\u00adla\u00adtion Adhe\u00adsive en Autri\u00adche.<\/p>\n<\/div><\/div><\/div><\/div><\/div><\/div><div class=\"w-separator hide_on_mobiles size_medium\"><\/div><div class=\"g-cols wpb_row via_flex valign_top type_default stacking_default\"><div class=\"vc_col-sm-12 vc_hidden-lg vc_hidden-md vc_hidden-sm wpb_column vc_column_container\"><div class=\"vc_column-inner\"><div class=\"wpb_wrapper\"><div class=\"w-separator size_medium\"><\/div><\/div><\/div><\/div><\/div><\/div><\/div><\/div><div class=\"vc_col-sm-6 wpb_column vc_column_container\"><div class=\"vc_column-inner\"><div class=\"wpb_wrapper\"><\/div><\/div><\/div><\/div><\/div><\/section><section class=\"l-section wpb_row us_custom_a518f36e us_animate_this height_auto\"><div class=\"l-section-h i-cf\"><div class=\"g-cols vc_row via_flex valign_top type_default stacking_default\"><div class=\"vc_col-sm-12 wpb_column vc_column_container\"><div class=\"vc_column-inner\"><div class=\"wpb_wrapper\"><div class=\"w-separator size_medium\"><\/div><div class=\"w-separator us_custom_8f2ba1f4 us_animate_this size_custom with_line width_50 thick_4 style_solid color_secondary align_center\" style=\"height:4px\"><div class=\"w-separator-h\"><\/div><\/div><div class=\"w-separator size_medium\"><\/div><\/div><\/div><\/div><\/div><\/div><\/section><section class=\"l-section wpb_row height_auto\" id=\"entreprise\"><div class=\"l-section-h i-cf\"><div class=\"g-cols vc_row via_flex valign_middle type_default stacking_default\"><div class=\"vc_col-sm-12 vc_col-lg-6 vc_col-md-6 wpb_column vc_column_container\"><div class=\"vc_column-inner\"><div class=\"wpb_wrapper\"><div class=\"g-cols wpb_row via_flex valign_top type_default stacking_default\"><div class=\"vc_col-sm-12 vc_col-lg-11 wpb_column vc_column_container\"><div class=\"vc_column-inner\"><div class=\"wpb_wrapper\"><div class=\"w-image hide_on_tablets hide_on_mobiles has_ratio align_none\"><div class=\"w-image-h\"><div style=\"padding-bottom:100%\"><\/div><img loading=\"lazy\" decoding=\"async\" width=\"960\" height=\"614\" src=\"https:\/\/muenzinger.eu\/wp-content\/uploads\/2023\/05\/Standortfoto-Niederlassung-Reutlingen.jpg\" class=\"attachment-full size-full\" alt srcset=\"https:\/\/muenzinger.eu\/wp-content\/uploads\/2023\/05\/Standortfoto-Niederlassung-Reutlingen.jpg 960w, https:\/\/muenzinger.eu\/wp-content\/uploads\/2023\/05\/Standortfoto-Niederlassung-Reutlingen-300x192.jpg 300w\" sizes=\"auto, (max-width: 960px) 100vw, 960px\"><\/div><\/div><div class=\"w-image hide_on_default hide_on_laptops has_ratio align_none\"><div class=\"w-image-h\"><div style=\"padding-bottom:56.25%\"><\/div><img loading=\"lazy\" decoding=\"async\" width=\"960\" height=\"614\" src=\"https:\/\/muenzinger.eu\/wp-content\/uploads\/2023\/05\/Standortfoto-Niederlassung-Reutlingen.jpg\" class=\"attachment-full size-full\" alt srcset=\"https:\/\/muenzinger.eu\/wp-content\/uploads\/2023\/05\/Standortfoto-Niederlassung-Reutlingen.jpg 960w, https:\/\/muenzinger.eu\/wp-content\/uploads\/2023\/05\/Standortfoto-Niederlassung-Reutlingen-300x192.jpg 300w\" sizes=\"auto, (max-width: 960px) 100vw, 960px\"><\/div><\/div><\/div><\/div><\/div><div class=\"vc_col-sm-1 wpb_column vc_column_container\"><div class=\"vc_column-inner\"><div class=\"wpb_wrapper\"><\/div><\/div><\/div><\/div><\/div><\/div><\/div><div class=\"vc_col-sm-12 vc_col-lg-6 vc_col-md-6 wpb_column vc_column_container\"><div class=\"vc_column-inner\"><div class=\"wpb_wrapper\"><div class=\"w-separator hide_on_default hide_on_laptops size_medium\"><\/div><div class=\"g-cols wpb_row via_flex valign_top type_default stacking_default\"><div class=\"vc_col-sm-12 wpb_column vc_column_container\"><div class=\"vc_column-inner\"><div class=\"wpb_wrapper\"><div class=\"wpb_text_column\"><div class=\"wpb_wrapper\"><h2><span style=\"color: #003d8f;\">Entreprise<\/span><\/h2>\n<\/div><\/div><div class=\"wpb_text_column us_custom_4e55af8d has_text_color\"><div class=\"wpb_wrapper\"><h5>Nous vous proposons les solutions les mieux adapt\u00e9es \u00e0 vos besoins.<\/h5>\n<\/div><\/div><div class=\"wpb_text_column us_custom_432d3f53\"><div class=\"wpb_wrapper\"><p>Chaque jour, nos col\u00adla\u00adbo\u00adra\u00adteurs veil\u00adlent \u00e0 vous con\u00adseil\u00adler de mani\u00e8re com\u00adp\u00e9\u00adtente et \u00e0 r\u00e9pondre \u00e0 vos sou\u00adhaits. Pour cela, nous don\u00adnons chaque jour le meil\u00adleur de nous-m\u00eames. Nous agis\u00adsons tou\u00adjours dans le but d\u2019offrir la meil\u00adleure solu\u00adtion pos\u00adsi\u00adble \u00e0 nos cli\u00adents, tout en ten\u00adant compte de la dura\u00adbi\u00adlit\u00e9.<\/p>\n<p>Pour ce faire, nous tra\u00advail\u00adlons en \u00e9troite col\u00adla\u00adbo\u00adra\u00adtion avec nos par\u00adten\u00adaires et fabri\u00adcants de renom afin de garan\u00adtir que seuls les pro\u00adduits les meil\u00adleurs et les plus inno\u00advants sont mis \u00e0 la dis\u00adpo\u00adsi\u00adtion de nos cli\u00adents et que les exi\u00adgen\u00adces de qua\u00adlit\u00e9 de chaque cli\u00adent peu\u00advent \u00eatre att\u00adein\u00adtes.<\/p>\n<p>Avec M\u00fcnz\u00adin\u00adger comme par\u00adten\u00adaire, vous pou\u00advez \u00eatre s\u00fbr d\u2019ob\u00adte\u00adnir les meil\u00adleu\u00adres solu\u00adti\u00adons pour vos beso\u00adins sp\u00e9\u00adci\u00adfi\u00adques. Notre \u00e9quipe exp\u00e9\u00adri\u00admen\u00adt\u00e9e est tou\u00adjours \u00e0 votre dis\u00adpo\u00adsi\u00adtion pour vous aider \u00e0 choi\u00adsir les meil\u00adleurs pro\u00adduits pour vos appli\u00adca\u00adti\u00adons.<\/p>\n<\/div><\/div><\/div><\/div><\/div><\/div><\/div><\/div><\/div><div class=\"vc_col-sm-12 wpb_column vc_column_container\"><div class=\"vc_column-inner\"><div class=\"wpb_wrapper\"><div class=\"w-separator size_huge\"><\/div><\/div><\/div><\/div><\/div><\/div><\/section>\n","protected":false},"excerpt":{"rendered":"\u00c0 pro\u00adpos de nous Sites Notre pro\u00admesse Dura\u00adbi\u00adlit\u00e9 Car\u00adri\u00ad\u00e8re Ent\u00adre\u00adprise Nous, M\u00fcnz\u00adin\u00adger + Frie\u00adser Hol\u00adding GmbH, som\u00admes l\u2019un des prin\u00adci\u00adpaux gros\u00adsis\u00adtes en mat\u00e9\u00adriaux iso\u00adlants. Nous som\u00admes sp\u00e9\u00adcia\u00adli\u00ads\u00e9s dans la vente de mat\u00e9\u00adriaux d\u2019iso\u00adla\u00adtion de haute qua\u00adlit\u00e9. Nous nous distin\u00adguons par notre exper\u00adtise et notre enga\u00adge\u00adment en faveur de la qua\u00adlit\u00e9 et de la dura\u00adbi\u00adlit\u00e9, ainsi\u2026","protected":false},"author":8,"featured_media":0,"parent":0,"menu_order":1,"comment_status":"closed","ping_status":"closed","template":"","meta":{"wp_typography_post_enhancements_disabled":false,"footnotes":"","_links_to":"","_links_to_target":""},"class_list":["post-30148","page","type-page","status-publish","hentry"],"yoast_head":"<!-- This site is optimized with the Yoast SEO plugin v27.3 - https:\/\/yoast.com\/product\/yoast-seo-wordpress\/ -->\n<title>Entreprise - M\u00fcnzinger + Frieser Holding GmbH \/ Adhesive D\u00e4mmsysteme GmbH<\/title>\n<meta name=\"robots\" content=\"index, follow, max-snippet:-1, max-image-preview:large, max-video-preview:-1\" \/>\n<link rel=\"canonical\" href=\"https:\/\/muenzinger.eu\/fr\/entreprise\/\" \/>\n<meta property=\"og:locale\" content=\"fr_FR\" \/>\n<meta property=\"og:type\" content=\"article\" \/>\n<meta property=\"og:title\" content=\"Entreprise - M\u00fcnzinger + Frieser Holding GmbH \/ Adhesive D\u00e4mmsysteme GmbH\" \/>\n<meta property=\"og:url\" content=\"https:\/\/muenzinger.eu\/fr\/entreprise\/\" \/>\n<meta property=\"og:site_name\" content=\"M\u00fcnzinger + Frieser Holding GmbH \/ Adhesive D\u00e4mmsysteme GmbH\" \/>\n<meta property=\"article:modified_time\" content=\"2024-01-25T14:37:17+00:00\" \/>\n<meta name=\"twitter:card\" content=\"summary_large_image\" \/>\n<meta name=\"twitter:label1\" content=\"Dur\u00e9e de lecture estim\u00e9e\" \/>\n\t<meta name=\"twitter:data1\" content=\"2 minutes\" \/>\n<script type=\"application\/ld+json\" class=\"yoast-schema-graph\">{\"@context\":\"https:\\\/\\\/schema.org\",\"@graph\":[{\"@type\":\"WebPage\",\"@id\":\"https:\\\/\\\/muenzinger.eu\\\/fr\\\/entreprise\\\/\",\"url\":\"https:\\\/\\\/muenzinger.eu\\\/fr\\\/entreprise\\\/\",\"name\":\"Entreprise - M\u00fcnzinger + Frieser Holding GmbH \\\/ Adhesive D\u00e4mmsysteme GmbH\",\"isPartOf\":{\"@id\":\"https:\\\/\\\/muenzinger.eu\\\/fr\\\/#website\"},\"datePublished\":\"2023-06-27T14:51:26+00:00\",\"dateModified\":\"2024-01-25T14:37:17+00:00\",\"breadcrumb\":{\"@id\":\"https:\\\/\\\/muenzinger.eu\\\/fr\\\/entreprise\\\/#breadcrumb\"},\"inLanguage\":\"fr-FR\",\"potentialAction\":[{\"@type\":\"ReadAction\",\"target\":[\"https:\\\/\\\/muenzinger.eu\\\/fr\\\/entreprise\\\/\"]}]},{\"@type\":\"BreadcrumbList\",\"@id\":\"https:\\\/\\\/muenzinger.eu\\\/fr\\\/entreprise\\\/#breadcrumb\",\"itemListElement\":[{\"@type\":\"ListItem\",\"position\":1,\"name\":\"Page d'accueil\",\"item\":\"https:\\\/\\\/muenzinger.eu\\\/fr\\\/accueil\\\/\"},{\"@type\":\"ListItem\",\"position\":2,\"name\":\"Entreprise\"}]},{\"@type\":\"WebSite\",\"@id\":\"https:\\\/\\\/muenzinger.eu\\\/fr\\\/#website\",\"url\":\"https:\\\/\\\/muenzinger.eu\\\/fr\\\/\",\"name\":\"M\u00fcnzinger + Frieser Holding GmbH \\\/ Adhesive D\u00e4mmsysteme GmbH\",\"description\":\"\",\"publisher\":{\"@id\":\"https:\\\/\\\/muenzinger.eu\\\/fr\\\/#organization\"},\"potentialAction\":[{\"@type\":\"SearchAction\",\"target\":{\"@type\":\"EntryPoint\",\"urlTemplate\":\"https:\\\/\\\/muenzinger.eu\\\/fr\\\/?s={search_term_string}\"},\"query-input\":{\"@type\":\"PropertyValueSpecification\",\"valueRequired\":true,\"valueName\":\"search_term_string\"}}],\"inLanguage\":\"fr-FR\"},{\"@type\":\"Organization\",\"@id\":\"https:\\\/\\\/muenzinger.eu\\\/fr\\\/#organization\",\"name\":\"M\u00fcnzinger + Frieser Holding GmbH \\\/ Adhesive D\u00e4mmsysteme GmbH\",\"url\":\"https:\\\/\\\/muenzinger.eu\\\/fr\\\/\",\"logo\":{\"@type\":\"ImageObject\",\"inLanguage\":\"fr-FR\",\"@id\":\"https:\\\/\\\/muenzinger.eu\\\/fr\\\/#\\\/schema\\\/logo\\\/image\\\/\",\"url\":\"https:\\\/\\\/muenzinger.eu\\\/wp-content\\\/uploads\\\/2022\\\/12\\\/Muenzinger-logo-01.png\",\"contentUrl\":\"https:\\\/\\\/muenzinger.eu\\\/wp-content\\\/uploads\\\/2022\\\/12\\\/Muenzinger-logo-01.png\",\"width\":580,\"height\":107,\"caption\":\"M\u00fcnzinger + Frieser Holding GmbH \\\/ Adhesive D\u00e4mmsysteme GmbH\"},\"image\":{\"@id\":\"https:\\\/\\\/muenzinger.eu\\\/fr\\\/#\\\/schema\\\/logo\\\/image\\\/\"},\"sameAs\":[\"https:\\\/\\\/www.linkedin.com\\\/company\\\/mnzinger-frieser-holding-gmbh\\\/\"]}]}<\/script>\n<!-- \/ Yoast SEO plugin. -->","yoast_head_json":{"title":"Entreprise - M\u00fcnzinger + Frieser Holding GmbH \/ Adhesive D\u00e4mmsysteme GmbH","robots":{"index":"index","follow":"follow","max-snippet":"max-snippet:-1","max-image-preview":"max-image-preview:large","max-video-preview":"max-video-preview:-1"},"canonical":"https:\/\/muenzinger.eu\/fr\/entreprise\/","og_locale":"fr_FR","og_type":"article","og_title":"Entreprise - M\u00fcnzinger + Frieser Holding GmbH \/ Adhesive D\u00e4mmsysteme GmbH","og_url":"https:\/\/muenzinger.eu\/fr\/entreprise\/","og_site_name":"M\u00fcnzinger + Frieser Holding GmbH \/ Adhesive D\u00e4mmsysteme GmbH","article_modified_time":"2024-01-25T14:37:17+00:00","twitter_card":"summary_large_image","twitter_misc":{"Dur\u00e9e de lecture estim\u00e9e":"2 minutes"},"schema":{"@context":"https:\/\/schema.org","@graph":[{"@type":"WebPage","@id":"https:\/\/muenzinger.eu\/fr\/entreprise\/","url":"https:\/\/muenzinger.eu\/fr\/entreprise\/","name":"Entreprise - M\u00fcnzinger + Frieser Holding GmbH \/ Adhesive D\u00e4mmsysteme GmbH","isPartOf":{"@id":"https:\/\/muenzinger.eu\/fr\/#website"},"datePublished":"2023-06-27T14:51:26+00:00","dateModified":"2024-01-25T14:37:17+00:00","breadcrumb":{"@id":"https:\/\/muenzinger.eu\/fr\/entreprise\/#breadcrumb"},"inLanguage":"fr-FR","potentialAction":[{"@type":"ReadAction","target":["https:\/\/muenzinger.eu\/fr\/entreprise\/"]}]},{"@type":"BreadcrumbList","@id":"https:\/\/muenzinger.eu\/fr\/entreprise\/#breadcrumb","itemListElement":[{"@type":"ListItem","position":1,"name":"Page d'accueil","item":"https:\/\/muenzinger.eu\/fr\/accueil\/"},{"@type":"ListItem","position":2,"name":"Entreprise"}]},{"@type":"WebSite","@id":"https:\/\/muenzinger.eu\/fr\/#website","url":"https:\/\/muenzinger.eu\/fr\/","name":"M\u00fcnzinger + Frieser Holding GmbH \/ Adhesive D\u00e4mmsysteme GmbH","description":"","publisher":{"@id":"https:\/\/muenzinger.eu\/fr\/#organization"},"potentialAction":[{"@type":"SearchAction","target":{"@type":"EntryPoint","urlTemplate":"https:\/\/muenzinger.eu\/fr\/?s={search_term_string}"},"query-input":{"@type":"PropertyValueSpecification","valueRequired":true,"valueName":"search_term_string"}}],"inLanguage":"fr-FR"},{"@type":"Organization","@id":"https:\/\/muenzinger.eu\/fr\/#organization","name":"M\u00fcnzinger + Frieser Holding GmbH \/ Adhesive D\u00e4mmsysteme GmbH","url":"https:\/\/muenzinger.eu\/fr\/","logo":{"@type":"ImageObject","inLanguage":"fr-FR","@id":"https:\/\/muenzinger.eu\/fr\/#\/schema\/logo\/image\/","url":"https:\/\/muenzinger.eu\/wp-content\/uploads\/2022\/12\/Muenzinger-logo-01.png","contentUrl":"https:\/\/muenzinger.eu\/wp-content\/uploads\/2022\/12\/Muenzinger-logo-01.png","width":580,"height":107,"caption":"M\u00fcnzinger + Frieser Holding GmbH \/ Adhesive D\u00e4mmsysteme GmbH"},"image":{"@id":"https:\/\/muenzinger.eu\/fr\/#\/schema\/logo\/image\/"},"sameAs":["https:\/\/www.linkedin.com\/company\/mnzinger-frieser-holding-gmbh\/"]}]}},"_links":{"self":[{"href":"https:\/\/muenzinger.eu\/fr\/wp-json\/wp\/v2\/pages\/30148","targetHints":{"allow":["GET"]}}],"collection":[{"href":"https:\/\/muenzinger.eu\/fr\/wp-json\/wp\/v2\/pages"}],"about":[{"href":"https:\/\/muenzinger.eu\/fr\/wp-json\/wp\/v2\/types\/page"}],"author":[{"embeddable":true,"href":"https:\/\/muenzinger.eu\/fr\/wp-json\/wp\/v2\/users\/8"}],"replies":[{"embeddable":true,"href":"https:\/\/muenzinger.eu\/fr\/wp-json\/wp\/v2\/comments?post=30148"}],"version-history":[{"count":0,"href":"https:\/\/muenzinger.eu\/fr\/wp-json\/wp\/v2\/pages\/30148\/revisions"}],"wp:attachment":[{"href":"https:\/\/muenzinger.eu\/fr\/wp-json\/wp\/v2\/media?parent=30148"}],"curies":[{"name":"wp","href":"https:\/\/api.w.org\/{rel}","templated":true}]}}