{"id":29830,"date":"2021-12-03T17:58:21","date_gmt":"2021-12-03T16:58:21","guid":{"rendered":"https:\/\/muenzinger.eu\/mentions-legales\/"},"modified":"2025-07-24T13:05:09","modified_gmt":"2025-07-24T11:05:09","slug":"mentions-legales","status":"publish","type":"page","link":"https:\/\/muenzinger.eu\/fr\/mentions-legales\/","title":{"rendered":"Mentions l\u00e9gales"},"content":{"rendered":"<h4>1. informations conform\u00e9ment au \u00a7 5 al. 1 TMG et \u00a7 2 DL-InfoV<\/h4>\n<p>Nom du four\u00adnis\u00adseur :<br>\nM\u00fcnz\u00adin\u00adger + Frie\u00adser Hol\u00adding GmbH<\/p>\n<p>G\u00e9rant auto\u00adris\u00e9 \u00e0 repr\u00e9\u00adsen\u00adter l\u2019entre\u00adprise :<br>\nUwe M\u00fcnz\u00adin\u00adger<\/p>\n<p>Forme juri\u00addi\u00adque, enre\u00adgis\u00adtre\u00adment, si\u00e8ge social :<br>\nM\u00fcnz\u00adin\u00adger + Frie\u00adser Hol\u00adding GmbH est une soci\u00e9t\u00e9 \u00e0 responsa\u00adbi\u00adlit\u00e9 limi\u00adt\u00e9e au sens de la loi sur les soci\u00e9\u00adt\u00e9s \u00e0 responsa\u00adbi\u00adlit\u00e9 limi\u00adt\u00e9e (GmbHG).<\/p>\n<p>Tri\u00adbu\u00adnal d\u2019en\u00adre\u00adgis\u00adtre\u00adment : Tri\u00adbu\u00adnal d\u2019in\u00ads\u00adtance de Stutt\u00adgart<br>\nNum\u00e9ro d\u2019en\u00adre\u00adgis\u00adtre\u00adment : HRB 354460<br>\nNum\u00e9ro d\u2019i\u00adden\u00adti\u00adfi\u00adca\u00adtion de la taxe sur le chif\u00adfre d\u2019af\u00adfai\u00adres con\u00adfor\u00adm\u00e9\u00adment \u00e0 la l\u00e9gis\u00adla\u00adtion alle\u00admande. \u00a7 27a de la loi sur la TVA : DE 154725333<\/p>\n<p>Coor\u00addon\u00adn\u00e9es :<br>\nOlgastr. 14\u201326<br>\nD\u201172770 Reut\u00adlin\u00adgen <\/p>\n<h4>Contact<\/h4>\n<p>T\u00e9l.  +<a href=\"tel:+49712195960\">49 (0) 7121 95 96 0<\/a><br>\nFax +49 (0) 7121 95 96 18<br>\nE\u2011mail  <a href=\"mailto:info@muenzinger.de\">info@muenzinger.de<\/a><\/p>\n<h4>2. autres informations<\/h4>\n<p>Responsable selon le \u00a7 18 Abs. 2 Trait\u00e9 d\u2019\u00c9\u00adtat sur les m\u00e9dias :<br>\nUwe M\u00fcnz\u00adin\u00adger, Olgastr. 14\u201326, 72770 Reut\u00adlin\u00adgen<\/p>\n<h4>3. protection des donn\u00e9es<\/h4>\n<p>Vous trou\u00adverez nos infor\u00adma\u00adti\u00adons sur la pro\u00adtec\u00adtion des don\u00adn\u00e9es sur  <a href=\"https:\/\/muenzinger.eu\/fr\/protection-des-donnees-2\/\">https:\/\/muenzinger.eu\/dsgvo\/<\/a><\/p>\n<h4>4. droits d\u2019auteur<\/h4>\n<p>Les con\u00adte\u00adnus, \u0153uvres et infor\u00adma\u00adti\u00adons mis \u00e0 dis\u00adpo\u00adsi\u00adtion par les explo\u00aditants du site sont sou\u00admis \u00e0 la l\u00e9gis\u00adla\u00adtion alle\u00admande sur les droits d\u2019au\u00adteur et les droits voi\u00adsins. Les droits sur les con\u00adte\u00adnus et les \u0153uvres mis \u00e0 dis\u00adpo\u00adsi\u00adtion sur ce site web appar\u00adti\u00aden\u00adnent exclu\u00adsi\u00adve\u00adment \u00e0 M\u00fcnz\u00adin\u00adger + Frie\u00adser Hol\u00adding GmbH.<\/p>\n<p>Des extraits ou con\u00adte\u00adnus non modi\u00adfi\u00e9s de ce site web peu\u00advent \u00eatre impri\u00adm\u00e9s ou stock\u00e9s tem\u00adpo\u00adrai\u00adre\u00adment d\u2019une autre mani\u00e8re \u00e0 des fins per\u00adson\u00adnel\u00adles, pri\u00adv\u00e9es et non com\u00admer\u00adcia\u00adles, \u00e0 con\u00addi\u00adtion que tou\u00adtes les men\u00adti\u00adons rela\u00adti\u00adves aux droits d\u2019au\u00adteur et \u00e0 la pro\u00adpri\u00e9t\u00e9 soi\u00adent repri\u00adses sans modi\u00adfi\u00adca\u00adtion.<\/p>\n<p>En outre, il est inter\u00addit de copier, de modi\u00adfier, de pr\u00e9\u00adsen\u00adter publi\u00adquement ou de repu\u00adblier tout ou par\u00adtie de ce site web sur quel\u00adque sup\u00adport que ce soit, notam\u00adment dans des cad\u00adres ou des iFrames, sans l\u2019ac\u00adcord \u00e9crit pr\u00e9\u00adalable de M\u00fcnz\u00adin\u00adger + Frie\u00adser Hol\u00adding GmbH.<\/p>\n","protected":false},"excerpt":{"rendered":"<p>1. infor\u00adma\u00adti\u00adons con\u00adfor\u00adm\u00e9\u00adment au \u00a7 5 al. 1 TMG et \u00a7 2 DL-InfoV Nom du four\u00adnis\u00adseur : M\u00fcnz\u00adin\u00adger + Frie\u00adser Hol\u00adding GmbH G\u00e9rant auto\u00adris\u00e9 \u00e0 repr\u00e9\u00adsen\u00adter l\u2019entre\u00adprise : Uwe M\u00fcnz\u00adin\u00adger Forme juri\u00addi\u00adque, enre\u00adgis\u00adtre\u00adment, si\u00e8ge social : M\u00fcnz\u00adin\u00adger + Frie\u00adser Hol\u00adding GmbH est une soci\u00e9t\u00e9 \u00e0 responsa\u00adbi\u00adlit\u00e9 limi\u00adt\u00e9e au sens de la loi sur les soci\u00e9\u00adt\u00e9s\u2026<\/p>\n","protected":false},"author":8,"featured_media":0,"parent":0,"menu_order":21,"comment_status":"closed","ping_status":"closed","template":"","meta":{"wp_typography_post_enhancements_disabled":false,"footnotes":"","_links_to":"","_links_to_target":""},"class_list":["post-29830","page","type-page","status-publish","hentry"],"yoast_head":"<!-- This site is optimized with the Yoast SEO plugin v27.3 - https:\/\/yoast.com\/product\/yoast-seo-wordpress\/ -->\n<title>Mentions l\u00e9gales - M\u00fcnzinger + Frieser Holding GmbH \/ Adhesive D\u00e4mmsysteme GmbH<\/title>\n<meta name=\"robots\" content=\"noindex, nofollow\" \/>\n<meta property=\"og:locale\" content=\"fr_FR\" \/>\n<meta property=\"og:type\" content=\"article\" \/>\n<meta property=\"og:title\" content=\"Mentions l\u00e9gales - M\u00fcnzinger + Frieser Holding GmbH \/ Adhesive D\u00e4mmsysteme GmbH\" \/>\n<meta property=\"og:description\" content=\"1. informations conform\u00e9ment au \u00a7 5 al. 1 TMG et \u00a7 2 DL-InfoV Nom du four\u00adnis\u00adseur : M\u00fcnz\u00adin\u00adger + Frie\u00adser Hol\u00adding GmbH G\u00e9rant auto\u00adris\u00e9 \u00e0 repr\u00e9\u00adsen\u00adter l\u2019entre\u00adprise : Uwe M\u00fcnz\u00adin\u00adger Forme juri\u00addi\u00adque, enre\u00adgis\u00adtre\u00adment, si\u00e8ge social : M\u00fcnz\u00adin\u00adger + Frie\u00adser Hol\u00adding GmbH est une soci\u00e9t\u00e9 \u00e0 responsa\u00adbi\u00adlit\u00e9 limi\u00adt\u00e9e au sens de la loi sur les soci\u00e9\u00adt\u00e9s...\" \/>\n<meta property=\"og:url\" content=\"https:\/\/muenzinger.eu\/fr\/mentions-legales\/\" \/>\n<meta property=\"og:site_name\" content=\"M\u00fcnzinger + Frieser Holding GmbH \/ Adhesive D\u00e4mmsysteme GmbH\" \/>\n<meta property=\"article:modified_time\" content=\"2025-07-24T11:05:09+00:00\" \/>\n<meta name=\"twitter:card\" content=\"summary_large_image\" \/>\n<meta name=\"twitter:label1\" content=\"Dur\u00e9e de lecture estim\u00e9e\" \/>\n\t<meta name=\"twitter:data1\" content=\"1 minute\" \/>\n<script type=\"application\/ld+json\" class=\"yoast-schema-graph\">{\"@context\":\"https:\\\/\\\/schema.org\",\"@graph\":[{\"@type\":\"WebPage\",\"@id\":\"https:\\\/\\\/muenzinger.eu\\\/fr\\\/mentions-legales\\\/\",\"url\":\"https:\\\/\\\/muenzinger.eu\\\/fr\\\/mentions-legales\\\/\",\"name\":\"Mentions l\u00e9gales - M\u00fcnzinger + Frieser Holding GmbH \\\/ Adhesive D\u00e4mmsysteme GmbH\",\"isPartOf\":{\"@id\":\"https:\\\/\\\/muenzinger.eu\\\/fr\\\/#website\"},\"datePublished\":\"2021-12-03T16:58:21+00:00\",\"dateModified\":\"2025-07-24T11:05:09+00:00\",\"breadcrumb\":{\"@id\":\"https:\\\/\\\/muenzinger.eu\\\/fr\\\/mentions-legales\\\/#breadcrumb\"},\"inLanguage\":\"fr-FR\",\"potentialAction\":[{\"@type\":\"ReadAction\",\"target\":[\"https:\\\/\\\/muenzinger.eu\\\/fr\\\/mentions-legales\\\/\"]}]},{\"@type\":\"BreadcrumbList\",\"@id\":\"https:\\\/\\\/muenzinger.eu\\\/fr\\\/mentions-legales\\\/#breadcrumb\",\"itemListElement\":[{\"@type\":\"ListItem\",\"position\":1,\"name\":\"Page d'accueil\",\"item\":\"https:\\\/\\\/muenzinger.eu\\\/fr\\\/accueil\\\/\"},{\"@type\":\"ListItem\",\"position\":2,\"name\":\"Mentions l\u00e9gales\"}]},{\"@type\":\"WebSite\",\"@id\":\"https:\\\/\\\/muenzinger.eu\\\/fr\\\/#website\",\"url\":\"https:\\\/\\\/muenzinger.eu\\\/fr\\\/\",\"name\":\"M\u00fcnzinger + Frieser Holding GmbH \\\/ Adhesive D\u00e4mmsysteme GmbH\",\"description\":\"\",\"publisher\":{\"@id\":\"https:\\\/\\\/muenzinger.eu\\\/fr\\\/#organization\"},\"potentialAction\":[{\"@type\":\"SearchAction\",\"target\":{\"@type\":\"EntryPoint\",\"urlTemplate\":\"https:\\\/\\\/muenzinger.eu\\\/fr\\\/?s={search_term_string}\"},\"query-input\":{\"@type\":\"PropertyValueSpecification\",\"valueRequired\":true,\"valueName\":\"search_term_string\"}}],\"inLanguage\":\"fr-FR\"},{\"@type\":\"Organization\",\"@id\":\"https:\\\/\\\/muenzinger.eu\\\/fr\\\/#organization\",\"name\":\"M\u00fcnzinger + Frieser Holding GmbH \\\/ Adhesive D\u00e4mmsysteme GmbH\",\"url\":\"https:\\\/\\\/muenzinger.eu\\\/fr\\\/\",\"logo\":{\"@type\":\"ImageObject\",\"inLanguage\":\"fr-FR\",\"@id\":\"https:\\\/\\\/muenzinger.eu\\\/fr\\\/#\\\/schema\\\/logo\\\/image\\\/\",\"url\":\"https:\\\/\\\/muenzinger.eu\\\/wp-content\\\/uploads\\\/2022\\\/12\\\/Muenzinger-logo-01.png\",\"contentUrl\":\"https:\\\/\\\/muenzinger.eu\\\/wp-content\\\/uploads\\\/2022\\\/12\\\/Muenzinger-logo-01.png\",\"width\":580,\"height\":107,\"caption\":\"M\u00fcnzinger + Frieser Holding GmbH \\\/ Adhesive D\u00e4mmsysteme GmbH\"},\"image\":{\"@id\":\"https:\\\/\\\/muenzinger.eu\\\/fr\\\/#\\\/schema\\\/logo\\\/image\\\/\"},\"sameAs\":[\"https:\\\/\\\/www.linkedin.com\\\/company\\\/mnzinger-frieser-holding-gmbh\\\/\"]}]}<\/script>\n<!-- \/ Yoast SEO plugin. -->","yoast_head_json":{"title":"Mentions l\u00e9gales - M\u00fcnzinger + Frieser Holding GmbH \/ Adhesive D\u00e4mmsysteme GmbH","robots":{"index":"noindex","follow":"nofollow"},"og_locale":"fr_FR","og_type":"article","og_title":"Mentions l\u00e9gales - M\u00fcnzinger + Frieser Holding GmbH \/ Adhesive D\u00e4mmsysteme GmbH","og_description":"1. informations conform\u00e9ment au \u00a7 5 al. 1 TMG et \u00a7 2 DL-InfoV Nom du four\u00adnis\u00adseur : M\u00fcnz\u00adin\u00adger + Frie\u00adser Hol\u00adding GmbH G\u00e9rant auto\u00adris\u00e9 \u00e0 repr\u00e9\u00adsen\u00adter l\u2019entre\u00adprise : Uwe M\u00fcnz\u00adin\u00adger Forme juri\u00addi\u00adque, enre\u00adgis\u00adtre\u00adment, si\u00e8ge social : M\u00fcnz\u00adin\u00adger + Frie\u00adser Hol\u00adding GmbH est une soci\u00e9t\u00e9 \u00e0 responsa\u00adbi\u00adlit\u00e9 limi\u00adt\u00e9e au sens de la loi sur les soci\u00e9\u00adt\u00e9s...","og_url":"https:\/\/muenzinger.eu\/fr\/mentions-legales\/","og_site_name":"M\u00fcnzinger + Frieser Holding GmbH \/ Adhesive D\u00e4mmsysteme GmbH","article_modified_time":"2025-07-24T11:05:09+00:00","twitter_card":"summary_large_image","twitter_misc":{"Dur\u00e9e de lecture estim\u00e9e":"1 minute"},"schema":{"@context":"https:\/\/schema.org","@graph":[{"@type":"WebPage","@id":"https:\/\/muenzinger.eu\/fr\/mentions-legales\/","url":"https:\/\/muenzinger.eu\/fr\/mentions-legales\/","name":"Mentions l\u00e9gales - M\u00fcnzinger + Frieser Holding GmbH \/ Adhesive D\u00e4mmsysteme GmbH","isPartOf":{"@id":"https:\/\/muenzinger.eu\/fr\/#website"},"datePublished":"2021-12-03T16:58:21+00:00","dateModified":"2025-07-24T11:05:09+00:00","breadcrumb":{"@id":"https:\/\/muenzinger.eu\/fr\/mentions-legales\/#breadcrumb"},"inLanguage":"fr-FR","potentialAction":[{"@type":"ReadAction","target":["https:\/\/muenzinger.eu\/fr\/mentions-legales\/"]}]},{"@type":"BreadcrumbList","@id":"https:\/\/muenzinger.eu\/fr\/mentions-legales\/#breadcrumb","itemListElement":[{"@type":"ListItem","position":1,"name":"Page d'accueil","item":"https:\/\/muenzinger.eu\/fr\/accueil\/"},{"@type":"ListItem","position":2,"name":"Mentions l\u00e9gales"}]},{"@type":"WebSite","@id":"https:\/\/muenzinger.eu\/fr\/#website","url":"https:\/\/muenzinger.eu\/fr\/","name":"M\u00fcnzinger + Frieser Holding GmbH \/ Adhesive D\u00e4mmsysteme GmbH","description":"","publisher":{"@id":"https:\/\/muenzinger.eu\/fr\/#organization"},"potentialAction":[{"@type":"SearchAction","target":{"@type":"EntryPoint","urlTemplate":"https:\/\/muenzinger.eu\/fr\/?s={search_term_string}"},"query-input":{"@type":"PropertyValueSpecification","valueRequired":true,"valueName":"search_term_string"}}],"inLanguage":"fr-FR"},{"@type":"Organization","@id":"https:\/\/muenzinger.eu\/fr\/#organization","name":"M\u00fcnzinger + Frieser Holding GmbH \/ Adhesive D\u00e4mmsysteme GmbH","url":"https:\/\/muenzinger.eu\/fr\/","logo":{"@type":"ImageObject","inLanguage":"fr-FR","@id":"https:\/\/muenzinger.eu\/fr\/#\/schema\/logo\/image\/","url":"https:\/\/muenzinger.eu\/wp-content\/uploads\/2022\/12\/Muenzinger-logo-01.png","contentUrl":"https:\/\/muenzinger.eu\/wp-content\/uploads\/2022\/12\/Muenzinger-logo-01.png","width":580,"height":107,"caption":"M\u00fcnzinger + Frieser Holding GmbH \/ Adhesive D\u00e4mmsysteme GmbH"},"image":{"@id":"https:\/\/muenzinger.eu\/fr\/#\/schema\/logo\/image\/"},"sameAs":["https:\/\/www.linkedin.com\/company\/mnzinger-frieser-holding-gmbh\/"]}]}},"_links":{"self":[{"href":"https:\/\/muenzinger.eu\/fr\/wp-json\/wp\/v2\/pages\/29830","targetHints":{"allow":["GET"]}}],"collection":[{"href":"https:\/\/muenzinger.eu\/fr\/wp-json\/wp\/v2\/pages"}],"about":[{"href":"https:\/\/muenzinger.eu\/fr\/wp-json\/wp\/v2\/types\/page"}],"author":[{"embeddable":true,"href":"https:\/\/muenzinger.eu\/fr\/wp-json\/wp\/v2\/users\/8"}],"replies":[{"embeddable":true,"href":"https:\/\/muenzinger.eu\/fr\/wp-json\/wp\/v2\/comments?post=29830"}],"version-history":[{"count":0,"href":"https:\/\/muenzinger.eu\/fr\/wp-json\/wp\/v2\/pages\/29830\/revisions"}],"wp:attachment":[{"href":"https:\/\/muenzinger.eu\/fr\/wp-json\/wp\/v2\/media?parent=29830"}],"curies":[{"name":"wp","href":"https:\/\/api.w.org\/{rel}","templated":true}]}}