{"id":29828,"date":"2021-12-03T17:58:21","date_gmt":"2021-12-03T16:58:21","guid":{"rendered":"https:\/\/muenzinger.eu\/pie-de-imprenta\/"},"modified":"2025-07-24T13:05:50","modified_gmt":"2025-07-24T11:05:50","slug":"pie-de-imprenta","status":"publish","type":"page","link":"https:\/\/muenzinger.eu\/es\/pie-de-imprenta\/","title":{"rendered":"Pie de imprenta"},"content":{"rendered":"<h4>1. informaci\u00f3n con arreglo al art\u00edculo 5, apartado 1 TMG y \u00a7 2 DL-InfoV<\/h4>\n<p>Nombre del pro\u00adve\u00adedor:<br>\nM\u00fcnz\u00adin\u00adger + Frie\u00adser Hol\u00adding GmbH<\/p>\n<p>Con\u00adse\u00adje\u00adros dele\u00adga\u00addos auto\u00adriz\u00adados para repre\u00adsen\u00adtar a la empresa:<br>\nUwe M\u00fcnz\u00adin\u00adger<\/p>\n<p>Forma jur\u00ed\u00addica, regis\u00adtro, domic\u00adi\u00adlio social:<br>\nM\u00fcnz\u00adin\u00adger + Frie\u00adser Hol\u00adding GmbH es una socie\u00addad de responsa\u00adbil\u00adidad limi\u00adtada en el sent\u00adido de la Ley ale\u00admana de Socie\u00adda\u00addes de Responsa\u00adbil\u00adidad Limi\u00adtada (GmbHG).<\/p>\n<p>Tri\u00adbu\u00adnal de regis\u00adtro: Tri\u00adbu\u00adnal Local de Stutt\u00adgart<br>\nN\u00famero de regis\u00adtro: HRB 354460<br>\nN\u00famero de iden\u00adti\u00adfi\u00adca\u00adci\u00f3n fis\u00adcal acc. \u00a7 27a UStG: DE 154725333<\/p>\n<p>Datos de cont\u00adacto:<br>\nOlgastr. 14\u201326<br>\nD\u201172770 Reut\u00adlin\u00adgen <\/p>\n<h4>P\u00f3ngase en contacto con nosotros<\/h4>\n<p>Tel.  +49 (0) 7121 95 <a href=\"tel:+49712195960\"> 96 0<\/a><br>\nFax +49 (0) 7121 95 96 18<br>\ncor\u00adreo elec\u00adtr\u00f3\u00adnico  <a href=\"mailto:info@muenzinger.de\">info@muenzinger.de<\/a><\/p>\n<h4>2. m\u00e1s informaci\u00f3n<\/h4>\n<p>Responsable seg\u00fan \u00a7 18 Abs. 2 Tra\u00adtado Inte\u00adre\u00adsta\u00adtal de Medios de Comu\u00adni\u00adca\u00adci\u00f3n:<br>\nUwe M\u00fcnz\u00adin\u00adger, Olgastr. 14\u201326, 72770 Reut\u00adlin\u00adgen<\/p>\n<h4>3. protecci\u00f3n de datos<\/h4>\n<p>Pue\u00addes encon\u00adtrar nues\u00adtra infor\u00admaci\u00f3n sobre pro\u00adtecci\u00f3n de datos en  <a href=\"https:\/\/muenzinger.eu\/es\/proteccion-de-datos-3\/\">https:\/\/muenzinger.eu\/dsgvo\/<\/a><\/p>\n<h4>4. derechos de autor<\/h4>\n<p>El con\u00adtenido, las obras y la infor\u00admaci\u00f3n faci\u00adlit\u00adados por los ope\u00adra\u00addo\u00adres del sitio est\u00e1n suje\u00adtos a la legis\u00adla\u00adci\u00f3n ale\u00admana sobre derechos de autor y derechos afi\u00adnes. Los derechos sobre el con\u00adtenido y las obras que se ofre\u00adcen en este sitio web per\u00adte\u00adn\u00ade\u00adcen exclu\u00adsi\u00adv\u00ada\u00admente a M\u00fcnz\u00adin\u00adger + Frie\u00adser Hol\u00adding GmbH.<\/p>\n<p>Pue\u00adden impri\u00admirse o alma\u00adcen\u00adarse tem\u00adpor\u00adal\u00admente extra\u00adc\u00adtos o con\u00adteni\u00addos no modi\u00adfi\u00adca\u00addos de este sitio web para fines per\u00adso\u00adna\u00adles, priv\u00ada\u00addos y no comer\u00adcia\u00adles, siempre que se man\u00adten\u00adgan inal\u00adterados todos los avi\u00adsos de derechos de autor y pro\u00adpie\u00addad.<\/p>\n<p>Por lo dem\u00e1s, este sitio web no podr\u00e1 copi\u00adarse, modi\u00adfi\u00adcarse ni pre\u00adsen\u00adtarse p\u00fab\u00adli\u00adca\u00admente o vol\u00adver a publi\u00adcarse en medios de cual\u00adquier tipo, en su tota\u00adli\u00addad o en parte, sin el con\u00adsen\u00adti\u00admi\u00adento pre\u00advio por escrito de M\u00fcnz\u00adin\u00adger + Frie\u00adser Hol\u00adding GmbH; en par\u00adti\u00adcu\u00adlar, en mar\u00adcos o iFrames.<\/p>\n","protected":false},"excerpt":{"rendered":"<p>1. infor\u00admaci\u00f3n con arre\u00adglo al art\u00ed\u00adculo 5, apar\u00adtado 1 TMG y \u00a7 2 DL-InfoV Nombre del pro\u00adve\u00adedor: M\u00fcnz\u00adin\u00adger + Frie\u00adser Hol\u00adding GmbH Con\u00adse\u00adje\u00adros dele\u00adga\u00addos auto\u00adriz\u00adados para repre\u00adsen\u00adtar a la empresa: Uwe M\u00fcnz\u00adin\u00adger Forma jur\u00ed\u00addica, regis\u00adtro, domic\u00adi\u00adlio social: M\u00fcnz\u00adin\u00adger + Frie\u00adser Hol\u00adding GmbH es una socie\u00addad de responsa\u00adbil\u00adidad limi\u00adtada en el sent\u00adido de la Ley ale\u00admana\u2026<\/p>\n","protected":false},"author":8,"featured_media":0,"parent":0,"menu_order":21,"comment_status":"closed","ping_status":"closed","template":"","meta":{"wp_typography_post_enhancements_disabled":false,"footnotes":"","_links_to":"","_links_to_target":""},"class_list":["post-29828","page","type-page","status-publish","hentry"],"yoast_head":"<!-- This site is optimized with the Yoast SEO plugin v27.3 - https:\/\/yoast.com\/product\/yoast-seo-wordpress\/ -->\n<title>Pie de imprenta - M\u00fcnzinger + Frieser Holding GmbH \/ Adhesive D\u00e4mmsysteme GmbH<\/title>\n<meta name=\"robots\" content=\"noindex, nofollow\" \/>\n<meta property=\"og:locale\" content=\"es_ES\" \/>\n<meta property=\"og:type\" content=\"article\" \/>\n<meta property=\"og:title\" content=\"Pie de imprenta - M\u00fcnzinger + Frieser Holding GmbH \/ Adhesive D\u00e4mmsysteme GmbH\" \/>\n<meta property=\"og:description\" content=\"1. informaci\u00f3n con arreglo al art\u00edculo 5, apartado 1 TMG y \u00a7 2 DL-InfoV Nombre del pro\u00adve\u00adedor: M\u00fcnz\u00adin\u00adger + Frie\u00adser Hol\u00adding GmbH Con\u00adse\u00adje\u00adros dele\u00adga\u00addos auto\u00adriz\u00adados para repre\u00adsen\u00adtar a la empresa: Uwe M\u00fcnz\u00adin\u00adger Forma jur\u00ed\u00addica, regis\u00adtro, domic\u00adi\u00adlio social: M\u00fcnz\u00adin\u00adger + Frie\u00adser Hol\u00adding GmbH es una socie\u00addad de responsa\u00adbil\u00adidad limi\u00adtada en el sent\u00adido de la Ley ale\u00admana...\" \/>\n<meta property=\"og:url\" content=\"https:\/\/muenzinger.eu\/es\/pie-de-imprenta\/\" \/>\n<meta property=\"og:site_name\" content=\"M\u00fcnzinger + Frieser Holding GmbH \/ Adhesive D\u00e4mmsysteme GmbH\" \/>\n<meta property=\"article:modified_time\" content=\"2025-07-24T11:05:50+00:00\" \/>\n<meta name=\"twitter:card\" content=\"summary_large_image\" \/>\n<meta name=\"twitter:label1\" content=\"Tiempo de lectura\" \/>\n\t<meta name=\"twitter:data1\" content=\"1 minuto\" \/>\n<script type=\"application\/ld+json\" class=\"yoast-schema-graph\">{\"@context\":\"https:\\\/\\\/schema.org\",\"@graph\":[{\"@type\":\"WebPage\",\"@id\":\"https:\\\/\\\/muenzinger.eu\\\/es\\\/pie-de-imprenta\\\/\",\"url\":\"https:\\\/\\\/muenzinger.eu\\\/es\\\/pie-de-imprenta\\\/\",\"name\":\"Pie de imprenta - M\u00fcnzinger + Frieser Holding GmbH \\\/ Adhesive D\u00e4mmsysteme GmbH\",\"isPartOf\":{\"@id\":\"https:\\\/\\\/muenzinger.eu\\\/es\\\/#website\"},\"datePublished\":\"2021-12-03T16:58:21+00:00\",\"dateModified\":\"2025-07-24T11:05:50+00:00\",\"breadcrumb\":{\"@id\":\"https:\\\/\\\/muenzinger.eu\\\/es\\\/pie-de-imprenta\\\/#breadcrumb\"},\"inLanguage\":\"es\",\"potentialAction\":[{\"@type\":\"ReadAction\",\"target\":[\"https:\\\/\\\/muenzinger.eu\\\/es\\\/pie-de-imprenta\\\/\"]}]},{\"@type\":\"BreadcrumbList\",\"@id\":\"https:\\\/\\\/muenzinger.eu\\\/es\\\/pie-de-imprenta\\\/#breadcrumb\",\"itemListElement\":[{\"@type\":\"ListItem\",\"position\":1,\"name\":\"P\u00e1gina de inicio\",\"item\":\"https:\\\/\\\/muenzinger.eu\\\/es\\\/inicio\\\/\"},{\"@type\":\"ListItem\",\"position\":2,\"name\":\"Pie de imprenta\"}]},{\"@type\":\"WebSite\",\"@id\":\"https:\\\/\\\/muenzinger.eu\\\/es\\\/#website\",\"url\":\"https:\\\/\\\/muenzinger.eu\\\/es\\\/\",\"name\":\"M\u00fcnzinger + Frieser Holding GmbH \\\/ Adhesive D\u00e4mmsysteme GmbH\",\"description\":\"\",\"publisher\":{\"@id\":\"https:\\\/\\\/muenzinger.eu\\\/es\\\/#organization\"},\"potentialAction\":[{\"@type\":\"SearchAction\",\"target\":{\"@type\":\"EntryPoint\",\"urlTemplate\":\"https:\\\/\\\/muenzinger.eu\\\/es\\\/?s={search_term_string}\"},\"query-input\":{\"@type\":\"PropertyValueSpecification\",\"valueRequired\":true,\"valueName\":\"search_term_string\"}}],\"inLanguage\":\"es\"},{\"@type\":\"Organization\",\"@id\":\"https:\\\/\\\/muenzinger.eu\\\/es\\\/#organization\",\"name\":\"M\u00fcnzinger + Frieser Holding GmbH \\\/ Adhesive D\u00e4mmsysteme GmbH\",\"url\":\"https:\\\/\\\/muenzinger.eu\\\/es\\\/\",\"logo\":{\"@type\":\"ImageObject\",\"inLanguage\":\"es\",\"@id\":\"https:\\\/\\\/muenzinger.eu\\\/es\\\/#\\\/schema\\\/logo\\\/image\\\/\",\"url\":\"https:\\\/\\\/muenzinger.eu\\\/wp-content\\\/uploads\\\/2022\\\/12\\\/Muenzinger-logo-01.png\",\"contentUrl\":\"https:\\\/\\\/muenzinger.eu\\\/wp-content\\\/uploads\\\/2022\\\/12\\\/Muenzinger-logo-01.png\",\"width\":580,\"height\":107,\"caption\":\"M\u00fcnzinger + Frieser Holding GmbH \\\/ Adhesive D\u00e4mmsysteme GmbH\"},\"image\":{\"@id\":\"https:\\\/\\\/muenzinger.eu\\\/es\\\/#\\\/schema\\\/logo\\\/image\\\/\"},\"sameAs\":[\"https:\\\/\\\/www.linkedin.com\\\/company\\\/mnzinger-frieser-holding-gmbh\\\/\"]}]}<\/script>\n<!-- \/ Yoast SEO plugin. -->","yoast_head_json":{"title":"Pie de imprenta - M\u00fcnzinger + Frieser Holding GmbH \/ Adhesive D\u00e4mmsysteme GmbH","robots":{"index":"noindex","follow":"nofollow"},"og_locale":"es_ES","og_type":"article","og_title":"Pie de imprenta - M\u00fcnzinger + Frieser Holding GmbH \/ Adhesive D\u00e4mmsysteme GmbH","og_description":"1. informaci\u00f3n con arreglo al art\u00edculo 5, apartado 1 TMG y \u00a7 2 DL-InfoV Nombre del pro\u00adve\u00adedor: M\u00fcnz\u00adin\u00adger + Frie\u00adser Hol\u00adding GmbH Con\u00adse\u00adje\u00adros dele\u00adga\u00addos auto\u00adriz\u00adados para repre\u00adsen\u00adtar a la empresa: Uwe M\u00fcnz\u00adin\u00adger Forma jur\u00ed\u00addica, regis\u00adtro, domic\u00adi\u00adlio social: M\u00fcnz\u00adin\u00adger + Frie\u00adser Hol\u00adding GmbH es una socie\u00addad de responsa\u00adbil\u00adidad limi\u00adtada en el sent\u00adido de la Ley ale\u00admana...","og_url":"https:\/\/muenzinger.eu\/es\/pie-de-imprenta\/","og_site_name":"M\u00fcnzinger + Frieser Holding GmbH \/ Adhesive D\u00e4mmsysteme GmbH","article_modified_time":"2025-07-24T11:05:50+00:00","twitter_card":"summary_large_image","twitter_misc":{"Tiempo de lectura":"1 minuto"},"schema":{"@context":"https:\/\/schema.org","@graph":[{"@type":"WebPage","@id":"https:\/\/muenzinger.eu\/es\/pie-de-imprenta\/","url":"https:\/\/muenzinger.eu\/es\/pie-de-imprenta\/","name":"Pie de imprenta - M\u00fcnzinger + Frieser Holding GmbH \/ Adhesive D\u00e4mmsysteme GmbH","isPartOf":{"@id":"https:\/\/muenzinger.eu\/es\/#website"},"datePublished":"2021-12-03T16:58:21+00:00","dateModified":"2025-07-24T11:05:50+00:00","breadcrumb":{"@id":"https:\/\/muenzinger.eu\/es\/pie-de-imprenta\/#breadcrumb"},"inLanguage":"es","potentialAction":[{"@type":"ReadAction","target":["https:\/\/muenzinger.eu\/es\/pie-de-imprenta\/"]}]},{"@type":"BreadcrumbList","@id":"https:\/\/muenzinger.eu\/es\/pie-de-imprenta\/#breadcrumb","itemListElement":[{"@type":"ListItem","position":1,"name":"P\u00e1gina de inicio","item":"https:\/\/muenzinger.eu\/es\/inicio\/"},{"@type":"ListItem","position":2,"name":"Pie de imprenta"}]},{"@type":"WebSite","@id":"https:\/\/muenzinger.eu\/es\/#website","url":"https:\/\/muenzinger.eu\/es\/","name":"M\u00fcnzinger + Frieser Holding GmbH \/ Adhesive D\u00e4mmsysteme GmbH","description":"","publisher":{"@id":"https:\/\/muenzinger.eu\/es\/#organization"},"potentialAction":[{"@type":"SearchAction","target":{"@type":"EntryPoint","urlTemplate":"https:\/\/muenzinger.eu\/es\/?s={search_term_string}"},"query-input":{"@type":"PropertyValueSpecification","valueRequired":true,"valueName":"search_term_string"}}],"inLanguage":"es"},{"@type":"Organization","@id":"https:\/\/muenzinger.eu\/es\/#organization","name":"M\u00fcnzinger + Frieser Holding GmbH \/ Adhesive D\u00e4mmsysteme GmbH","url":"https:\/\/muenzinger.eu\/es\/","logo":{"@type":"ImageObject","inLanguage":"es","@id":"https:\/\/muenzinger.eu\/es\/#\/schema\/logo\/image\/","url":"https:\/\/muenzinger.eu\/wp-content\/uploads\/2022\/12\/Muenzinger-logo-01.png","contentUrl":"https:\/\/muenzinger.eu\/wp-content\/uploads\/2022\/12\/Muenzinger-logo-01.png","width":580,"height":107,"caption":"M\u00fcnzinger + Frieser Holding GmbH \/ Adhesive D\u00e4mmsysteme GmbH"},"image":{"@id":"https:\/\/muenzinger.eu\/es\/#\/schema\/logo\/image\/"},"sameAs":["https:\/\/www.linkedin.com\/company\/mnzinger-frieser-holding-gmbh\/"]}]}},"_links":{"self":[{"href":"https:\/\/muenzinger.eu\/es\/wp-json\/wp\/v2\/pages\/29828","targetHints":{"allow":["GET"]}}],"collection":[{"href":"https:\/\/muenzinger.eu\/es\/wp-json\/wp\/v2\/pages"}],"about":[{"href":"https:\/\/muenzinger.eu\/es\/wp-json\/wp\/v2\/types\/page"}],"author":[{"embeddable":true,"href":"https:\/\/muenzinger.eu\/es\/wp-json\/wp\/v2\/users\/8"}],"replies":[{"embeddable":true,"href":"https:\/\/muenzinger.eu\/es\/wp-json\/wp\/v2\/comments?post=29828"}],"version-history":[{"count":0,"href":"https:\/\/muenzinger.eu\/es\/wp-json\/wp\/v2\/pages\/29828\/revisions"}],"wp:attachment":[{"href":"https:\/\/muenzinger.eu\/es\/wp-json\/wp\/v2\/media?parent=29828"}],"curies":[{"name":"wp","href":"https:\/\/api.w.org\/{rel}","templated":true}]}}